{"id":487801,"date":"2024-10-31T20:46:12","date_gmt":"2024-10-31T19:46:12","guid":{"rendered":"https:\/\/newsole.ch\/ueber-uns\/"},"modified":"2026-03-10T20:43:45","modified_gmt":"2026-03-10T19:43:45","slug":"ueber-uns","status":"publish","type":"page","link":"https:\/\/newsole.ch\/de\/ueber-uns\/","title":{"rendered":"\u00dcber uns"},"content":{"rendered":"\t\t<div data-elementor-type=\"wp-page\" data-elementor-id=\"487801\" class=\"elementor elementor-487801 elementor-11582\">\n\t\t\t\t\t\t<section class=\"elementor-section elementor-top-section elementor-element elementor-element-9394399 elementor-section-boxed elementor-section-height-default elementor-section-height-default jltma-glass-effect-no\" data-id=\"9394399\" data-element_type=\"section\" data-e-type=\"section\">\n\t\t\t\t\t\t<div class=\"elementor-container elementor-column-gap-default\">\n\t\t\t\t\t<div class=\"elementor-column elementor-col-100 elementor-top-column elementor-element elementor-element-a17d0f3 jltma-glass-effect-no\" data-id=\"a17d0f3\" data-element_type=\"column\" data-e-type=\"column\">\n\t\t\t<div class=\"elementor-widget-wrap elementor-element-populated\">\n\t\t\t\t\t\t<div class=\"elementor-element elementor-element-1fb5ac0 jltma-glass-effect-no elementor-widget elementor-widget-heading\" data-id=\"1fb5ac0\" data-element_type=\"widget\" data-e-type=\"widget\" data-widget_type=\"heading.default\">\n\t\t\t\t<div class=\"elementor-widget-container\">\n\t\t\t\t\t<h2 class=\"elementor-heading-title elementor-size-default\">\u00dcber uns<\/h2>\t\t\t\t<\/div>\n\t\t\t\t<\/div>\n\t\t\t\t\t<\/div>\n\t\t<\/div>\n\t\t\t\t\t<\/div>\n\t\t<\/section>\n\t\t\t\t<section class=\"elementor-section elementor-top-section elementor-element elementor-element-5c02e3f elementor-section-boxed elementor-section-height-default elementor-section-height-default jltma-glass-effect-no\" data-id=\"5c02e3f\" data-element_type=\"section\" data-e-type=\"section\">\n\t\t\t\t\t\t<div class=\"elementor-container elementor-column-gap-default\">\n\t\t\t\t\t<div class=\"elementor-column elementor-col-100 elementor-top-column elementor-element elementor-element-b09c05a jltma-glass-effect-no\" data-id=\"b09c05a\" data-element_type=\"column\" data-e-type=\"column\">\n\t\t\t<div class=\"elementor-widget-wrap elementor-element-populated\">\n\t\t\t\t\t\t<div class=\"elementor-element elementor-element-fdf9b8a jltma-glass-effect-no elementor-widget elementor-widget-text-editor\" data-id=\"fdf9b8a\" data-element_type=\"widget\" data-e-type=\"widget\" data-widget_type=\"text-editor.default\">\n\t\t\t\t<div class=\"elementor-widget-container\">\n\t\t\t\t\t\t\t\t\t<p data-start=\"393\" data-end=\"539\">Newsole wurde mit einer einfachen Mission gegr\u00fcndet: <strong data-start=\"436\" data-end=\"539\">die begehrtesten Sneaker in der Schweiz einfach, sicher und unkompliziert zug\u00e4nglich zu machen.<\/strong><\/p><p data-start=\"541\" data-end=\"802\">Unsere Geschichte begann 2018 mit einer echten Leidenschaft f\u00fcr Sneaker und die Kultur rund um sie. Wie viele Sneaker-Enthusiasten erlebten auch wir die gleiche Frustration: Die besten Ver\u00f6ffentlichungen sind sofort ausverkauft, und danach authentische Paare zu finden, kann schwierig und riskant sein. <\/p><p data-start=\"804\" data-end=\"1016\">Nach jahrelanger Erfahrung in der Beschaffung und Authentifizierung von Sneakern haben wir <strong data-start=\"880\" data-end=\"902\">2023 Newsole.ch<\/strong> ins Leben gerufen, um einen vertrauensw\u00fcrdigen Ort zu schaffen, an dem Sneaker-Liebhaber in der Schweiz mit Vertrauen seltene und trendige Sneaker kaufen k\u00f6nnen.<\/p><p data-start=\"1018\" data-end=\"1160\">Heute bringt Newsole Kunden mit <strong data-start=\"1057\" data-end=\"1113\">einigen der begehrtesten Turnschuhe auf dem Markt<\/strong> zusammen, auch nachdem sie aus den Gesch\u00e4ften verschwunden sind.<\/p><hr data-start=\"1162\" data-end=\"1165\"><h1 data-section-id=\"1ioqngi\" data-start=\"1167\" data-end=\"1187\"><span style=\"font-size: 24px;\">Warum Newsole vertrauen?<\/span><\/h1><p data-start=\"1189\" data-end=\"1249\">Der Online-Kauf von Turnschuhen sollte aufregend und <strong data-start=\"1235\" data-end=\"1248\">nicht riskant<\/strong> sein.<\/p><p data-start=\"1251\" data-end=\"1355\">Deshalb konzentrieren wir uns auf drei wesentliche Dinge: <strong data-start=\"1298\" data-end=\"1355\">Authentizit\u00e4t, Transparenz und Kundenzufriedenheit.<\/strong><\/p><p data-start=\"1357\" data-end=\"1401\">Wenn Sie bei Newsole kaufen, profitieren Sie von:<\/p><p data-start=\"1403\" data-end=\"1569\">\u2714 <strong data-start=\"1405\" data-end=\"1432\">100% authentische Sneaker<\/strong><br data-start=\"1432\" data-end=\"1435\">\u2714 <strong data-start=\"1437\" data-end=\"1461\">Nur brandneue Paare<\/strong><br data-start=\"1461\" data-end=\"1464\">\u2714 <strong data-start=\"1466\" data-end=\"1497\">Sorgf\u00e4ltig ausgew\u00e4hlte Ware<\/strong><br data-start=\"1497\" data-end=\"1500\">\u2714 <strong data-start=\"1502\" data-end=\"1530\">Sichere Lieferung<\/strong><br data-start=\"1530\" data-end=\"1533\">\u2714 <strong data-start=\"1535\" data-end=\"1569\">Keine Zollgeb\u00fchren in der Schweiz<\/strong><\/p><p data-start=\"1571\" data-end=\"1654\">Unser Ziel ist ganz einfach: Wir m\u00f6chten, <strong data-start=\"1591\" data-end=\"1654\">dass Sie beim Kauf Ihres n\u00e4chsten Paares ganz beruhigt sein k\u00f6nnen.<\/strong><\/p><hr data-start=\"1656\" data-end=\"1659\"><h1 data-section-id=\"446qth\" data-start=\"1661\" data-end=\"1685\"><span style=\"font-size: 24px;\">Echtheitsgarantie<\/span><\/h1><p data-start=\"1687\" data-end=\"1795\">Jeder Sneaker, der auf Newsole verkauft wird, durchl\u00e4uft einen <strong data-start=\"1732\" data-end=\"1764\">sorgf\u00e4ltigen Pr\u00fcfprozess<\/strong>, bevor er unsere Kunden erreicht.<\/p><p data-start=\"1797\" data-end=\"1861\">Wir arbeiten nur mit vertrauensw\u00fcrdigen Quellen und stellen sicher, dass jedes Paar:<\/p><p data-start=\"1863\" data-end=\"1937\">&#8211; <strong data-start=\"1865\" data-end=\"1878\">Authentic<\/strong><br data-start=\"1878\" data-end=\"1881\">&#8211; <strong data-start=\"1883\" data-end=\"1896\">Brandneu<\/strong><br data-start=\"1896\" data-end=\"1899\">&#8211; <strong data-start=\"1901\" data-end=\"1937\">Ungetragen und im Originalzustand<\/strong><\/p><p data-start=\"1939\" data-end=\"2014\">Keine F\u00e4lschungen. Keine \u00dcberraschungen.<br data-start=\"1962\" data-end=\"1965\">Nur die Sneakers, die Sie wollen, genau wie erwartet. <\/p><hr data-start=\"2016\" data-end=\"2019\"><h1 data-section-id=\"9jhftf\" data-start=\"2021\" data-end=\"2047\"><span style=\"font-size: 24px;\">Vertrauen in unsere Gemeinschaft<\/span><\/h1><p data-start=\"2049\" data-end=\"2152\">Seit unserer Gr\u00fcndung haben sich <strong data-start=\"2067\" data-end=\"2094\">mehr als 1000 Kunden<\/strong> bei der Suche nach ihrem n\u00e4chsten Paar Sneakers auf Newsole verlassen.<\/p><p data-start=\"2154\" data-end=\"2248\">Unsere Community w\u00e4chst jeden Tag weiter, und die Zufriedenheit unserer Kunden bleibt unsere oberste Priorit\u00e4t.<\/p><p data-start=\"2250\" data-end=\"2368\">Sollten Sie jemals Fragen zu einem Modell, einer Gr\u00f6\u00dfe oder einer Bestellung haben, steht Ihnen unser Team jederzeit <strong data-start=\"2345\" data-end=\"2367\">per E-Mail oder Instagram<\/strong> zur Verf\u00fcgung.<\/p><hr data-start=\"2370\" data-end=\"2373\"><h1 data-section-id=\"719ztz\" data-start=\"2375\" data-end=\"2403\"><span style=\"font-size: 24px;\">Werden Sie Mitglied der Newsole-Community<\/span><\/h1><p data-start=\"2405\" data-end=\"2446\">Folgen Sie uns auf <strong data-start=\"2418\" data-end=\"2442\">Instagram und TikTok<\/strong>:<\/p><p data-start=\"2448\" data-end=\"2558\">\ud83d\udc5f Entdecken Sie die neuesten Sneakertrends<br data-start=\"2485\" data-end=\"2488\">\ud83d\udd25 Sehen Sie unsere neuesten Produkte<br data-start=\"2514\" data-end=\"2517\">\ud83c\udf81 Nehmen Sie an <strong data-start=\"2535\" data-end=\"2558\">exklusiven Werbegeschenken<\/strong> teil<\/p><p data-start=\"2560\" data-end=\"2583\">Willkommen bei <strong data-start=\"2571\" data-end=\"2582\">Newsole<\/strong>.<\/p>\t\t\t\t\t\t\t\t<\/div>\n\t\t\t\t<\/div>\n\t\t\t\t\t<\/div>\n\t\t<\/div>\n\t\t\t\t\t<\/div>\n\t\t<\/section>\n\t\t\t\t<section class=\"elementor-section elementor-top-section elementor-element elementor-element-52a939e elementor-section-boxed elementor-section-height-default elementor-section-height-default jltma-glass-effect-no\" data-id=\"52a939e\" data-element_type=\"section\" data-e-type=\"section\">\n\t\t\t\t\t\t<div class=\"elementor-container elementor-column-gap-default\">\n\t\t\t\t\t<div class=\"elementor-column elementor-col-100 elementor-top-column elementor-element elementor-element-3c1aed4 jltma-glass-effect-no\" data-id=\"3c1aed4\" data-element_type=\"column\" data-e-type=\"column\">\n\t\t\t<div class=\"elementor-widget-wrap elementor-element-populated\">\n\t\t\t\t\t\t<div class=\"elementor-element elementor-element-fc2d030 jltma-glass-effect-no elementor-widget elementor-widget-spacer\" data-id=\"fc2d030\" data-element_type=\"widget\" data-e-type=\"widget\" data-widget_type=\"spacer.default\">\n\t\t\t\t<div class=\"elementor-widget-container\">\n\t\t\t\t\t\t\t<div class=\"elementor-spacer\">\n\t\t\t<div class=\"elementor-spacer-inner\"><\/div>\n\t\t<\/div>\n\t\t\t\t\t\t<\/div>\n\t\t\t\t<\/div>\n\t\t\t\t\t<\/div>\n\t\t<\/div>\n\t\t\t\t\t<\/div>\n\t\t<\/section>\n\t\t\t\t<section class=\"elementor-section elementor-top-section elementor-element elementor-element-12c7575 elementor-section-boxed elementor-section-height-default elementor-section-height-default jltma-glass-effect-no\" data-id=\"12c7575\" data-element_type=\"section\" data-e-type=\"section\">\n\t\t\t\t\t\t<div class=\"elementor-container elementor-column-gap-default\">\n\t\t\t\t\t<div class=\"elementor-column elementor-col-100 elementor-top-column elementor-element elementor-element-2ece4c7 jltma-glass-effect-no\" data-id=\"2ece4c7\" data-element_type=\"column\" data-e-type=\"column\">\n\t\t\t<div class=\"elementor-widget-wrap\">\n\t\t\t\t\t\t\t<\/div>\n\t\t<\/div>\n\t\t\t\t\t<\/div>\n\t\t<\/section>\n\t\t\t\t<\/div>\n\t\t","protected":false},"excerpt":{"rendered":"<p>\u00dcber uns Newsole wurde mit einer einfachen Mission gegr\u00fcndet: die begehrtesten Sneaker in der Schweiz einfach, sicher und unkompliziert zug\u00e4nglich zu machen. Unsere Geschichte begann 2018 mit einer echten Leidenschaft f\u00fcr Sneaker und die Kultur rund um sie. Wie viele Sneaker-Enthusiasten erlebten auch wir die gleiche Frustration: Die besten Ver\u00f6ffentlichungen sind sofort ausverkauft, und danach [&hellip;]<\/p>\n","protected":false},"author":1,"featured_media":0,"parent":0,"menu_order":0,"comment_status":"closed","ping_status":"closed","template":"","meta":{"ocean_post_layout":"","ocean_both_sidebars_style":"","ocean_both_sidebars_content_width":0,"ocean_both_sidebars_sidebars_width":0,"ocean_sidebar":"","ocean_second_sidebar":"","ocean_disable_margins":"enable","ocean_add_body_class":"","ocean_shortcode_before_top_bar":"","ocean_shortcode_after_top_bar":"","ocean_shortcode_before_header":"","ocean_shortcode_after_header":"","ocean_has_shortcode":"","ocean_shortcode_after_title":"","ocean_shortcode_before_footer_widgets":"","ocean_shortcode_after_footer_widgets":"","ocean_shortcode_before_footer_bottom":"","ocean_shortcode_after_footer_bottom":"","ocean_display_top_bar":"default","ocean_display_header":"default","ocean_header_style":"","ocean_center_header_left_menu":"","ocean_custom_header_template":"","ocean_custom_logo":0,"ocean_custom_retina_logo":0,"ocean_custom_logo_max_width":0,"ocean_custom_logo_tablet_max_width":0,"ocean_custom_logo_mobile_max_width":0,"ocean_custom_logo_max_height":0,"ocean_custom_logo_tablet_max_height":0,"ocean_custom_logo_mobile_max_height":0,"ocean_header_custom_menu":"","ocean_menu_typo_font_family":"","ocean_menu_typo_font_subset":"","ocean_menu_typo_font_size":0,"ocean_menu_typo_font_size_tablet":0,"ocean_menu_typo_font_size_mobile":0,"ocean_menu_typo_font_size_unit":"px","ocean_menu_typo_font_weight":"","ocean_menu_typo_font_weight_tablet":"","ocean_menu_typo_font_weight_mobile":"","ocean_menu_typo_transform":"","ocean_menu_typo_transform_tablet":"","ocean_menu_typo_transform_mobile":"","ocean_menu_typo_line_height":0,"ocean_menu_typo_line_height_tablet":0,"ocean_menu_typo_line_height_mobile":0,"ocean_menu_typo_line_height_unit":"","ocean_menu_typo_spacing":0,"ocean_menu_typo_spacing_tablet":0,"ocean_menu_typo_spacing_mobile":0,"ocean_menu_typo_spacing_unit":"","ocean_menu_link_color":"","ocean_menu_link_color_hover":"","ocean_menu_link_color_active":"","ocean_menu_link_background":"","ocean_menu_link_hover_background":"","ocean_menu_link_active_background":"","ocean_menu_social_links_bg":"","ocean_menu_social_hover_links_bg":"","ocean_menu_social_links_color":"","ocean_menu_social_hover_links_color":"","ocean_disable_title":"default","ocean_disable_heading":"default","ocean_post_title":"","ocean_post_subheading":"","ocean_post_title_style":"","ocean_post_title_background_color":"","ocean_post_title_background":0,"ocean_post_title_bg_image_position":"","ocean_post_title_bg_image_attachment":"","ocean_post_title_bg_image_repeat":"","ocean_post_title_bg_image_size":"","ocean_post_title_height":0,"ocean_post_title_bg_overlay":0.5,"ocean_post_title_bg_overlay_color":"","ocean_disable_breadcrumbs":"default","ocean_breadcrumbs_color":"","ocean_breadcrumbs_separator_color":"","ocean_breadcrumbs_links_color":"","ocean_breadcrumbs_links_hover_color":"","ocean_display_footer_widgets":"default","ocean_display_footer_bottom":"default","ocean_custom_footer_template":"","footnotes":""},"class_list":["post-487801","page","type-page","status-publish","hentry","entry","owp-thumbs-layout-horizontal","owp-btn-normal","owp-tabs-layout-horizontal","has-no-thumbnails","has-product-nav"],"_links":{"self":[{"href":"https:\/\/newsole.ch\/de\/wp-json\/wp\/v2\/pages\/487801","targetHints":{"allow":["GET"]}}],"collection":[{"href":"https:\/\/newsole.ch\/de\/wp-json\/wp\/v2\/pages"}],"about":[{"href":"https:\/\/newsole.ch\/de\/wp-json\/wp\/v2\/types\/page"}],"author":[{"embeddable":true,"href":"https:\/\/newsole.ch\/de\/wp-json\/wp\/v2\/users\/1"}],"replies":[{"embeddable":true,"href":"https:\/\/newsole.ch\/de\/wp-json\/wp\/v2\/comments?post=487801"}],"version-history":[{"count":0,"href":"https:\/\/newsole.ch\/de\/wp-json\/wp\/v2\/pages\/487801\/revisions"}],"wp:attachment":[{"href":"https:\/\/newsole.ch\/de\/wp-json\/wp\/v2\/media?parent=487801"}],"curies":[{"name":"wp","href":"https:\/\/api.w.org\/{rel}","templated":true}]}}