{"id":487813,"date":"2023-03-02T19:32:36","date_gmt":"2023-03-02T18:32:36","guid":{"rendered":"https:\/\/newsole.ch\/geschaeftsbedingungen\/"},"modified":"2026-03-10T14:09:29","modified_gmt":"2026-03-10T13:09:29","slug":"geschaeftsbedingungen","status":"publish","type":"page","link":"https:\/\/newsole.ch\/de\/geschaeftsbedingungen\/","title":{"rendered":"Gesch\u00e4ftsbedingungen"},"content":{"rendered":"\t\t<div data-elementor-type=\"wp-page\" data-elementor-id=\"487813\" class=\"elementor elementor-487813 elementor-3\">\n\t\t\t\t\t\t<section class=\"elementor-section elementor-top-section elementor-element elementor-element-68c6266 elementor-section-boxed elementor-section-height-default elementor-section-height-default jltma-glass-effect-no\" data-id=\"68c6266\" data-element_type=\"section\" data-e-type=\"section\">\n\t\t\t\t\t\t<div class=\"elementor-container elementor-column-gap-default\">\n\t\t\t\t\t<div class=\"elementor-column elementor-col-100 elementor-top-column elementor-element elementor-element-5cf4788c jltma-glass-effect-no\" data-id=\"5cf4788c\" data-element_type=\"column\" data-e-type=\"column\">\n\t\t\t<div class=\"elementor-widget-wrap elementor-element-populated\">\n\t\t\t\t\t\t<div class=\"elementor-element elementor-element-606b54ce jltma-glass-effect-no elementor-widget elementor-widget-text-editor\" data-id=\"606b54ce\" data-element_type=\"widget\" data-e-type=\"widget\" data-widget_type=\"text-editor.default\">\n\t\t\t\t<div class=\"elementor-widget-container\">\n\t\t\t\t\t\t\t\t\t<h2><span style=\"font-size: 20px; font-weight: 600;\">Gesch\u00e4ftsbedingungen<\/span><\/h2>\n<p><span lang=\"en\">Aktualisiert am 21. Februar<\/span><span style=\"font-family: 'Open Sans', sans-serif; font-size: 14px; font-style: normal; font-variant-ligatures: normal; font-variant-caps: normal; font-weight: 400;\">, 2026<\/span><\/p>\n<h2 data-start=\"352\" data-end=\"377\">1. Informationen zum Unternehmen<\/h2>\n<p data-start=\"378\" data-end=\"469\">Der Online Shop <strong data-start=\"394\" data-end=\"405\">Newsole<\/strong> wird von der Schweiz aus betrieben.<br>UID \/ IDE: <strong>CHE-214.576.767<\/strong><br data-start=\"435\" data-end=\"438\">Kontakt: <strong data-start=\"447\" data-end=\"469\"><a rel=\"noopener\" data-start=\"449\" data-end=\"467\">contact@newsole.ch<\/a><\/strong><\/p>\n<p data-start=\"471\" data-end=\"566\">Diese Allgemeinen Gesch\u00e4ftsbedingungen (&#8222;AGB&#8220;) gelten f\u00fcr alle Bestellungen, die \u00fcber <strong data-start=\"543\" data-end=\"565\"><a href=\"https:\/\/newsole.ch\/de\/\" target=\"_new\" rel=\"noopener\" data-start=\"545\" data-end=\"563\">https:\/\/newsole.ch<\/a><\/strong>.<\/p>\n<hr data-start=\"568\" data-end=\"571\">\n<h2 data-start=\"573\" data-end=\"584\">2. Umfang<\/h2>\n<p data-start=\"585\" data-end=\"773\">Indem Sie eine Bestellung auf unserer Website aufgeben, best\u00e4tigen Sie, dass Sie diese AGB gelesen, verstanden und akzeptiert haben.<br data-start=\"687\" data-end=\"690\">Sie gelten ausschlie\u00dflich f\u00fcr den Verkauf von physischen Produkten (Sneakers und Zubeh\u00f6r).<\/p>\n<hr data-start=\"775\" data-end=\"778\">\n<h2 data-start=\"780\" data-end=\"818\">3. Angebot und Vertragsabschluss<\/h2>\n<p data-start=\"363\" data-end=\"457\">Die Pr\u00e4sentation von Produkten auf unserer Website stellt kein rechtsverbindliches Angebot dar.<\/p>\n<p data-start=\"464\" data-end=\"577\">Ein verbindlicher Kaufvertrag kommt erst mit dem Versand der Ware und deren Best\u00e4tigung per E-Mail zustande.<\/p>\n<p data-start=\"584\" data-end=\"698\"><strong>Die vom Kunden aufgegebenen Bestellungen sind endg\u00fcltig und k\u00f6nnen vom Kunden nicht mehr storniert oder ge\u00e4ndert werden.<\/strong><\/p>\n<p data-start=\"705\" data-end=\"874\">Newsole beh\u00e4lt sich das Recht vor, jede Bestellung vor dem Versand abzulehnen oder zu stornieren, insbesondere im Falle von Preisfehlern, Nichtverf\u00fcgbarkeit der Ware oder technischen Problemen.<\/p>\n<p data-start=\"881\" data-end=\"1004\">Wenn eine Bestellung von Newsole storniert wird, wird eine bereits geleistete Zahlung \u00fcber die urspr\u00fcngliche Zahlungsmethode vollst\u00e4ndig zur\u00fcckerstattet.<\/p>\n<hr data-start=\"1205\" data-end=\"1208\">\n<h2 data-start=\"1210\" data-end=\"1247\">4. Preise und typografische Fehler<\/h2>\n<p data-start=\"1248\" data-end=\"1338\">Alle Preise sind in CHF angegeben und enthalten die gesetzliche Schweizer Mehrwertsteuer, sofern nicht anders angegeben.<\/p>\n<p data-start=\"1340\" data-end=\"1683\">Trotz unserer Bem\u00fchungen kann es vorkommen, dass Produkte aufgrund von typografischen oder technischen Fehlern zu einem falschen Preis oder mit falschen Informationen aufgef\u00fchrt werden.<br data-start=\"1495\" data-end=\"1498\">In solchen F\u00e4llen <strong data-start=\"1513\" data-end=\"1563\">beh\u00e4lt sich Newsole das Recht vor, die Bestellung zu stornieren<\/strong>, auch wenn die Zahlung bereits erfolgt ist. Bereits gezahlte Betr\u00e4ge werden in voller H\u00f6he \u00fcber die urspr\u00fcngliche Zahlungsmethode zur\u00fcckerstattet. <\/p>\n<hr data-start=\"1685\" data-end=\"1688\">\n<h2 data-start=\"1690\" data-end=\"1716\">5. Verf\u00fcgbarkeit des Produkts<\/h2>\n<p data-start=\"1717\" data-end=\"1835\">Alle von Newsole angebotenen Produkte sind vorbehaltlich der Verf\u00fcgbarkeit. Viele Artikel werden in begrenzten Mengen produziert oder bezogen. <\/p>\n<p data-start=\"1837\" data-end=\"2013\">Wenn ein Produkt nicht verf\u00fcgbar ist oder nicht geliefert werden kann, nachdem eine Bestellung aufgegeben wurde, behalten wir uns das Recht vor, die Bestellung zu stornieren. Bereits geleistete Zahlungen werden in vollem Umfang zur\u00fcckerstattet. <\/p>\n<hr data-start=\"2015\" data-end=\"2018\">\n<h2 data-start=\"2020\" data-end=\"2033\">6. Bezahlung<\/h2>\n<p data-start=\"2034\" data-end=\"2105\">Die Zahlung muss mit den beim Checkout angebotenen Zahlungsmitteln erfolgen.<\/p>\n<p data-start=\"2107\" data-end=\"2214\">Die Bestellungen werden erst nach vollst\u00e4ndigem Zahlungseingang bearbeitet und versandt, sofern nicht anders vereinbart.<\/p>\n<hr data-start=\"2216\" data-end=\"2219\">\n<h2 data-start=\"2221\" data-end=\"2235\">7. Lieferung<\/h2>\n<p data-start=\"2236\" data-end=\"2282\">Die Lieferzeiten sind indikativ und unverbindlich.<\/p>\n<p data-start=\"2284\" data-end=\"2417\">Newsole haftet nicht f\u00fcr Lieferverz\u00f6gerungen, die durch Drittanbieter, Zollverfahren oder Ereignisse au\u00dferhalb unserer Kontrolle verursacht werden.<\/p>\n<hr data-start=\"2419\" data-end=\"2422\">\n<h2 data-start=\"2424\" data-end=\"2454\">8. R\u00fccksendungen und Gutschrift im Gesch\u00e4ft<\/h2>\n<p data-start=\"1589\" data-end=\"1696\">R\u00fccksendungen werden innerhalb von <strong data-start=\"1644\" data-end=\"1680\">7 Tagen nach Erhalt der Ware<\/strong> akzeptiert, vorausgesetzt, dass:<\/p>\n<ul data-start=\"1697\" data-end=\"1822\">\n<li data-start=\"1697\" data-end=\"1747\">\n<p data-start=\"1699\" data-end=\"1747\">die Turnschuhe wurden nur anprobiert (nicht getragen),<\/p>\n<\/li>\n<li data-start=\"1748\" data-end=\"1786\">\n<p data-start=\"1750\" data-end=\"1786\">das Produkt ist in perfektem Zustand,<\/p>\n<\/li>\n<li data-start=\"1787\" data-end=\"1822\">\n<p data-start=\"1789\" data-end=\"1822\">die Originalverpackung unversehrt ist.<\/p>\n<\/li>\n<\/ul>\n<p data-start=\"1824\" data-end=\"1992\">R\u00fccksendungen werden <strong data-start=\"1861\" data-end=\"1893\">ausschlie\u00dflich in Form einer Ladengutschrift<\/strong> erstattet, die dem Wert des zur\u00fcckgesandten Produkts entspricht, <strong data-start=\"1947\" data-end=\"1991\">abz\u00fcglich CHF 20.- <\/strong><span style=\"font-family: Inter; font-size: 14px; font-style: normal; font-variant-ligatures: normal; font-variant-caps: normal; font-weight: 600;\" data-start=\"1947\" data-end=\"1991\">f\u00fcr R\u00fccksende- und Bearbeitungskosten<\/span><span style=\"font-family: Inter; font-size: 14px; font-style: normal; font-variant-ligatures: normal; font-variant-caps: normal; font-weight: 400;\">.<\/span><\/p>\n<p style=\"font-variant-ligatures: normal; font-variant-caps: normal; font-family: Inter; font-size: 14px; font-style: normal; font-weight: 400;\" data-start=\"1994\" data-end=\"2196\"><span style=\"font-size: 14px; font-weight: 600;\" data-start=\"1994\" data-end=\"2196\">Die nach einer R\u00fcckgabe ausgestellte Gutschrift ist nicht erstattungsf\u00e4hig und nicht \u00fcbertragbar.<\/span><\/p>\n<p style=\"font-variant-ligatures: normal; font-variant-caps: normal; font-family: Inter; font-size: 14px; font-style: normal; font-weight: 400;\" data-start=\"1994\" data-end=\"2196\"><span style=\"font-size: 14px; font-weight: 600;\" data-start=\"1994\" data-end=\"2196\">Bestellungen, die ganz oder teilweise mit Ladenguthaben und s<\/span><span style=\"font-variant-ligatures: normal; font-variant-caps: normal; font-family: Inter; font-size: 14px; font-style: normal; font-weight: 600;\">ale oder reduzierte Artikel<\/span><span style=\"font-size: 14px; font-weight: 600;\" data-start=\"1994\" data-end=\"2196\"> k\u00f6nnen nicht zur\u00fcckgegeben oder erstattet werden.<\/span><\/p>\n<p data-start=\"2198\" data-end=\"2534\">Das Ladenguthaben kann f\u00fcr eine zuk\u00fcnftige Bestellung (andere Gr\u00f6\u00dfe oder anderes Modell) verwendet werden,&nbsp;<strong data-start=\"2273\" data-end=\"2362\">vorbehaltlich der Produktverf\u00fcgbarkeit und des zum Zeitpunkt der neuen Bestellung geltenden Preises<\/strong>.<br data-start=\"2363\" data-end=\"2366\">Die Preise k\u00f6nnen sich zwischen dem Erstkauf und der neuen Bestellung \u00e4ndern. Jede Preisdifferenz muss vom Kunden bezahlt werden. Es wird keine R\u00fcckerstattung gew\u00e4hrt, wenn das neue Produkt billiger ist.  <\/p>\n<hr data-start=\"2900\" data-end=\"2903\">\n<h2 data-start=\"2905\" data-end=\"2919\">9. Garantie<\/h2>\n<p data-start=\"2920\" data-end=\"3020\">Die Produkte werden so verkauft, wie sie sind, und unterliegen nur der vom Hersteller gew\u00e4hrten Garantie, sofern vorhanden.<\/p>\n<p data-start=\"3022\" data-end=\"3104\">Normaler Verschlei\u00df, unsachgem\u00e4\u00dfer Gebrauch oder mangelnde Pflege sind von jeglicher Garantie ausgeschlossen.<\/p>\n<hr data-start=\"3106\" data-end=\"3109\">\n<h2 data-start=\"3111\" data-end=\"3141\">10. Begrenzung der Haftung<\/h2>\n<p data-start=\"3142\" data-end=\"3266\">Soweit dies nach Schweizer Recht zul\u00e4ssig ist, beschr\u00e4nkt sich die Haftung von Newsole auf den Kaufpreis des betreffenden Produkts.<\/p>\n<p data-start=\"3268\" data-end=\"3353\">Wir schlie\u00dfen die Haftung f\u00fcr indirekte oder Folgesch\u00e4den, einschlie\u00dflich entgangenen Gewinns, aus.<\/p>\n<hr data-start=\"3355\" data-end=\"3358\">\n<h2 data-start=\"3360\" data-end=\"3397\">11. Geltendes Recht und Gerichtsbarkeit<\/h2>\n<p data-start=\"3398\" data-end=\"3471\">Diese AGB unterliegen dem <strong data-start=\"3424\" data-end=\"3437\">schweizerischen Recht<\/strong> unter Ausschluss der Kollisionsnormen.<\/p>\n<p data-start=\"3473\" data-end=\"3589\">Ausschlie\u00dflicher Gerichtsstand ist die <strong data-start=\"3512\" data-end=\"3527\">Schweiz<\/strong>, sofern nicht zwingende Verbraucherschutzgesetze etwas anderes vorsehen.<\/p>\n<hr data-start=\"3591\" data-end=\"3594\">\n<h2 data-start=\"3596\" data-end=\"3613\">12. \u00c4nderungsantr\u00e4ge<\/h2>\n<p data-start=\"3614\" data-end=\"3750\">Newsole beh\u00e4lt sich das Recht vor, diese AGB jederzeit zu \u00e4ndern.<br data-start=\"3672\" data-end=\"3675\">Es gilt die Version, die zum Zeitpunkt der Bestellung in Kraft ist<span style=\"font-family: Inter; font-size: 14px; font-style: normal; font-variant-ligatures: normal; font-variant-caps: normal; font-weight: 600;\" data-start=\"1947\" data-end=\"1991\">. f\u00fcr die R\u00fccksendekosten<\/span><span style=\"font-family: Inter; font-size: 14px; font-style: normal; font-variant-ligatures: normal; font-variant-caps: normal; font-weight: 400;\">.<\/span><\/p>\n<p style=\"font-variant-ligatures: normal; font-variant-caps: normal; font-family: Inter; font-size: 14px; font-style: normal; font-weight: 400;\" data-start=\"1994\" data-end=\"2196\"><span style=\"font-size: 14px; font-weight: 600;\" data-start=\"1994\" data-end=\"2196\">Die nach einer R\u00fcckgabe ausgestellte Gutschrift ist nicht erstattungsf\u00e4hig und nicht \u00fcbertragbar.<\/span><\/p>\n<p style=\"font-variant-ligatures: normal; font-variant-caps: normal; font-family: Inter; font-size: 14px; font-style: normal; font-weight: 400;\" data-start=\"1994\" data-end=\"2196\"><span style=\"font-size: 14px; font-weight: 600;\" data-start=\"1994\" data-end=\"2196\">Bestellungen, die ganz oder teilweise mit Ladenguthaben und s<\/span><span style=\"font-variant-ligatures: normal; font-variant-caps: normal; font-family: Inter; font-size: 14px; font-style: normal; font-weight: 600;\">oder rabattierte Artikel<\/span><span style=\"font-size: 14px; font-weight: 600;\" data-start=\"1994\" data-end=\"2196\"> k\u00f6nnen nicht zur\u00fcckgegeben oder erstattet werden.<\/span><\/p>\t\t\t\t\t\t\t\t<\/div>\n\t\t\t\t<\/div>\n\t\t\t\t\t<\/div>\n\t\t<\/div>\n\t\t\t\t\t<\/div>\n\t\t<\/section>\n\t\t\t\t<\/div>\n\t\t","protected":false},"excerpt":{"rendered":"<p>Gesch\u00e4ftsbedingungen Aktualisiert am 21. Februar, 2026 1. Informationen zum Unternehmen Der Online Shop Newsole wird von der Schweiz aus betrieben.UID \/ IDE: CHE-214.576.767Kontakt: contact@newsole.ch Diese Allgemeinen Gesch\u00e4ftsbedingungen (&#8222;AGB&#8220;) gelten f\u00fcr alle Bestellungen, die \u00fcber https:\/\/newsole.ch. 2. Umfang Indem Sie eine Bestellung auf unserer Website aufgeben, best\u00e4tigen Sie, dass Sie diese AGB gelesen, verstanden und akzeptiert [&hellip;]<\/p>\n","protected":false},"author":1,"featured_media":0,"parent":0,"menu_order":0,"comment_status":"closed","ping_status":"open","template":"","meta":{"ocean_post_layout":"","ocean_both_sidebars_style":"","ocean_both_sidebars_content_width":0,"ocean_both_sidebars_sidebars_width":0,"ocean_sidebar":"0","ocean_second_sidebar":"0","ocean_disable_margins":"enable","ocean_add_body_class":"","ocean_shortcode_before_top_bar":"","ocean_shortcode_after_top_bar":"","ocean_shortcode_before_header":"","ocean_shortcode_after_header":"","ocean_has_shortcode":"","ocean_shortcode_after_title":"","ocean_shortcode_before_footer_widgets":"","ocean_shortcode_after_footer_widgets":"","ocean_shortcode_before_footer_bottom":"","ocean_shortcode_after_footer_bottom":"","ocean_display_top_bar":"default","ocean_display_header":"default","ocean_header_style":"","ocean_center_header_left_menu":"0","ocean_custom_header_template":"0","ocean_custom_logo":0,"ocean_custom_retina_logo":0,"ocean_custom_logo_max_width":0,"ocean_custom_logo_tablet_max_width":0,"ocean_custom_logo_mobile_max_width":0,"ocean_custom_logo_max_height":0,"ocean_custom_logo_tablet_max_height":0,"ocean_custom_logo_mobile_max_height":0,"ocean_header_custom_menu":"0","ocean_menu_typo_font_family":"0","ocean_menu_typo_font_subset":"","ocean_menu_typo_font_size":0,"ocean_menu_typo_font_size_tablet":0,"ocean_menu_typo_font_size_mobile":0,"ocean_menu_typo_font_size_unit":"px","ocean_menu_typo_font_weight":"","ocean_menu_typo_font_weight_tablet":"","ocean_menu_typo_font_weight_mobile":"","ocean_menu_typo_transform":"","ocean_menu_typo_transform_tablet":"","ocean_menu_typo_transform_mobile":"","ocean_menu_typo_line_height":0,"ocean_menu_typo_line_height_tablet":0,"ocean_menu_typo_line_height_mobile":0,"ocean_menu_typo_line_height_unit":"","ocean_menu_typo_spacing":0,"ocean_menu_typo_spacing_tablet":0,"ocean_menu_typo_spacing_mobile":0,"ocean_menu_typo_spacing_unit":"","ocean_menu_link_color":"","ocean_menu_link_color_hover":"","ocean_menu_link_color_active":"","ocean_menu_link_background":"","ocean_menu_link_hover_background":"","ocean_menu_link_active_background":"","ocean_menu_social_links_bg":"","ocean_menu_social_hover_links_bg":"","ocean_menu_social_links_color":"","ocean_menu_social_hover_links_color":"","ocean_disable_title":"default","ocean_disable_heading":"default","ocean_post_title":"","ocean_post_subheading":"","ocean_post_title_style":"","ocean_post_title_background_color":"","ocean_post_title_background":0,"ocean_post_title_bg_image_position":"","ocean_post_title_bg_image_attachment":"","ocean_post_title_bg_image_repeat":"","ocean_post_title_bg_image_size":"","ocean_post_title_height":0,"ocean_post_title_bg_overlay":0.5,"ocean_post_title_bg_overlay_color":"","ocean_disable_breadcrumbs":"default","ocean_breadcrumbs_color":"","ocean_breadcrumbs_separator_color":"","ocean_breadcrumbs_links_color":"","ocean_breadcrumbs_links_hover_color":"","ocean_display_footer_widgets":"default","ocean_display_footer_bottom":"default","ocean_custom_footer_template":"0","footnotes":""},"class_list":["post-487813","page","type-page","status-publish","hentry","entry","owp-thumbs-layout-horizontal","owp-btn-normal","owp-tabs-layout-horizontal","has-no-thumbnails","has-product-nav"],"_links":{"self":[{"href":"https:\/\/newsole.ch\/de\/wp-json\/wp\/v2\/pages\/487813","targetHints":{"allow":["GET"]}}],"collection":[{"href":"https:\/\/newsole.ch\/de\/wp-json\/wp\/v2\/pages"}],"about":[{"href":"https:\/\/newsole.ch\/de\/wp-json\/wp\/v2\/types\/page"}],"author":[{"embeddable":true,"href":"https:\/\/newsole.ch\/de\/wp-json\/wp\/v2\/users\/1"}],"replies":[{"embeddable":true,"href":"https:\/\/newsole.ch\/de\/wp-json\/wp\/v2\/comments?post=487813"}],"version-history":[{"count":0,"href":"https:\/\/newsole.ch\/de\/wp-json\/wp\/v2\/pages\/487813\/revisions"}],"wp:attachment":[{"href":"https:\/\/newsole.ch\/de\/wp-json\/wp\/v2\/media?parent=487813"}],"curies":[{"name":"wp","href":"https:\/\/api.w.org\/{rel}","templated":true}]}}