{"id":487817,"date":"2023-03-07T11:53:43","date_gmt":"2023-03-07T10:53:43","guid":{"rendered":"https:\/\/newsole.ch\/rueckgaberecht\/"},"modified":"2026-04-10T11:26:00","modified_gmt":"2026-04-10T09:26:00","slug":"rueckgaberecht","status":"publish","type":"page","link":"https:\/\/newsole.ch\/de\/rueckgaberecht\/","title":{"rendered":"R\u00fcckgaberecht"},"content":{"rendered":"\t\t<div data-elementor-type=\"wp-page\" data-elementor-id=\"487817\" class=\"elementor elementor-487817 elementor-9\">\n\t\t\t\t\t\t<section class=\"elementor-section elementor-top-section elementor-element elementor-element-7d5ab17c elementor-section-boxed elementor-section-height-default elementor-section-height-default jltma-glass-effect-no\" data-id=\"7d5ab17c\" data-element_type=\"section\" data-e-type=\"section\">\n\t\t\t\t\t\t<div class=\"elementor-container elementor-column-gap-default\">\n\t\t\t\t\t<div class=\"elementor-column elementor-col-100 elementor-top-column elementor-element elementor-element-1f19a165 jltma-glass-effect-no\" data-id=\"1f19a165\" data-element_type=\"column\" data-e-type=\"column\">\n\t\t\t<div class=\"elementor-widget-wrap elementor-element-populated\">\n\t\t\t\t\t\t<div class=\"elementor-element elementor-element-270c7e8 jltma-glass-effect-no elementor-widget elementor-widget-heading\" data-id=\"270c7e8\" data-element_type=\"widget\" data-e-type=\"widget\" data-widget_type=\"heading.default\">\n\t\t\t\t<div class=\"elementor-widget-container\">\n\t\t\t\t\t<h2 class=\"elementor-heading-title elementor-size-default\">R\u00fcckgaberecht<\/h2>\t\t\t\t<\/div>\n\t\t\t\t<\/div>\n\t\t\t\t<div class=\"elementor-element elementor-element-453f4101 jltma-glass-effect-no elementor-widget elementor-widget-text-editor\" data-id=\"453f4101\" data-element_type=\"widget\" data-e-type=\"widget\" data-widget_type=\"text-editor.default\">\n\t\t\t\t<div class=\"elementor-widget-container\">\n\t\t\t\t\t\t\t\t\t<p data-start=\"1589\" data-end=\"1696\">R\u00fccksendungen werden innerhalb von <strong data-start=\"1644\" data-end=\"1680\">7 Tagen nach Erhalt der Ware<\/strong> akzeptiert, vorausgesetzt, dass:<\/p>\n<ul data-start=\"1697\" data-end=\"1822\">\n<li data-start=\"1697\" data-end=\"1747\">\n<p data-start=\"1699\" data-end=\"1747\">die Turnschuhe wurden nur anprobiert (nicht getragen),<\/p>\n<\/li>\n<li data-start=\"1748\" data-end=\"1786\">\n<p data-start=\"1750\" data-end=\"1786\">das Produkt ist in perfektem Zustand,<\/p>\n<\/li>\n<li data-start=\"1787\" data-end=\"1822\">\n<p data-start=\"1789\" data-end=\"1822\">die Originalverpackung unversehrt ist.<\/p>\n<\/li>\n<\/ul>\n<p data-start=\"1824\" data-end=\"1992\"><span style=\"font-size: 14px;\">R\u00fccksendungen werden erstattet <\/span><strong style=\"font-size: 14px;\" data-start=\"1861\" data-end=\"1893\">ausschlie\u00dflich \u00fcber eine Ladengutschrift&nbsp;<\/strong><span style=\"font-size: 14px;\">zur\u00fcckerstattet, die dem Wert des zur\u00fcckgegebenen Produkts entspricht, <\/span><strong style=\"font-size: 14px;\" data-start=\"1947\" data-end=\"1991\">abz\u00fcglich CHF 20.- f\u00fcr R\u00fccksende- und Bearbeitungskosten<\/strong><span style=\"font-size: 14px;\">.<\/span><\/p>\n<p data-start=\"1994\" data-end=\"2196\"><strong data-start=\"1994\" data-end=\"2196\">Die nach einer R\u00fcckgabe ausgestellte Gutschrift ist nicht erstattungsf\u00e4hig und nicht \u00fcbertragbar.<\/strong><\/p>\n<p data-start=\"1994\" data-end=\"2196\">Bestellungen, die ganz oder teilweise mit einem Warengutschein bezahlt wurden, k\u00f6nnen nicht zur\u00fcckgegeben oder erstattet werden.<\/p>\n<p data-start=\"2198\" data-end=\"2534\">Das Ladenguthaben kann f\u00fcr eine zuk\u00fcnftige Bestellung (andere Gr\u00f6\u00dfe oder anderes Modell) verwendet werden, <strong data-start=\"2273\" data-end=\"2362\">vorbehaltlich der Produktverf\u00fcgbarkeit und des zum Zeitpunkt der neuen Bestellung geltenden Preises<\/strong>.<br data-start=\"2363\" data-end=\"2366\">Die Preise k\u00f6nnen sich zwischen dem Erstkauf und der neuen Bestellung \u00e4ndern. Jede Preisdifferenz muss vom Kunden bezahlt werden. Es wird keine Erstattung gew\u00e4hrt, wenn das neue Produkt billiger ist.<\/p>\t\t\t\t\t\t\t\t<\/div>\n\t\t\t\t<\/div>\n\t\t\t\t<div class=\"elementor-element elementor-element-b560900 jltma-glass-effect-no elementor-widget elementor-widget-heading\" data-id=\"b560900\" data-element_type=\"widget\" data-e-type=\"widget\" data-widget_type=\"heading.default\">\n\t\t\t\t<div class=\"elementor-widget-container\">\n\t\t\t\t\t<h2 class=\"elementor-heading-title elementor-size-default\">Brauchen Sie Hilfe?<\/h2>\t\t\t\t<\/div>\n\t\t\t\t<\/div>\n\t\t\t\t<div class=\"elementor-element elementor-element-59b1872 jltma-glass-effect-no elementor-widget elementor-widget-text-editor\" data-id=\"59b1872\" data-element_type=\"widget\" data-e-type=\"widget\" data-widget_type=\"text-editor.default\">\n\t\t\t\t<div class=\"elementor-widget-container\">\n\t\t\t\t\t\t\t\t\t<p><span style=\"color: #4a4a4a; font-family: 'Open Sans', sans-serif; font-size: 14px; font-style: normal; font-variant-ligatures: normal; font-variant-caps: normal; font-weight: 400;\">Kontaktieren Sie uns unter <\/span><a style=\"font-variant-ligatures: normal; font-variant-caps: normal; font-family: 'Open Sans', sans-serif; font-size: 14px; font-style: normal; font-weight: 400; background-color: #ffffff;\" href=\"mailto:contact@newsole.ch\">contact@newsole.ch<\/a><span style=\"color: #4a4a4a; font-family: 'Open Sans', sans-serif; font-size: 14px; font-style: normal; font-variant-ligatures: normal; font-variant-caps: normal; font-weight: 400;\"> oder auf <\/span><i style=\"font-variant-ligatures: normal; font-variant-caps: normal; font-family: 'Open Sans', sans-serif; font-size: 14px; font-weight: 400; color: #4a4a4a;\"><a style=\"font-size: 14px;\" href=\"https:\/\/www.instagram.com\/newsole.ch\/\">Instagram<\/a> <\/i><span style=\"color: #4a4a4a; font-family: 'Open Sans', sans-serif; font-size: 14px; font-style: normal; font-variant-ligatures: normal; font-variant-caps: normal; font-weight: 400;\">f\u00fcr alle Fragen. Wenn Sie eine Frage zur Gr\u00f6\u00dfe haben, die Sie bestellen sollten, z\u00f6gern Sie nicht, uns zu kontaktieren, wir werden Ihnen gerne antworten.<\/span><\/p>\n<p><\/p>\t\t\t\t\t\t\t\t<\/div>\n\t\t\t\t<\/div>\n\t\t\t\t\t<\/div>\n\t\t<\/div>\n\t\t\t\t\t<\/div>\n\t\t<\/section>\n\t\t\t\t<section class=\"elementor-section elementor-top-section elementor-element elementor-element-b7dcb16 elementor-section-boxed elementor-section-height-default elementor-section-height-default jltma-glass-effect-no\" data-id=\"b7dcb16\" data-element_type=\"section\" data-e-type=\"section\">\n\t\t\t\t\t\t<div class=\"elementor-container elementor-column-gap-default\">\n\t\t\t\t\t<div class=\"elementor-column elementor-col-100 elementor-top-column elementor-element elementor-element-c97ce31 jltma-glass-effect-no\" data-id=\"c97ce31\" data-element_type=\"column\" data-e-type=\"column\">\n\t\t\t<div class=\"elementor-widget-wrap elementor-element-populated\">\n\t\t\t\t\t\t<div class=\"elementor-element elementor-element-8711e4e jltma-glass-effect-no elementor-widget elementor-widget-image\" data-id=\"8711e4e\" data-element_type=\"widget\" data-e-type=\"widget\" data-widget_type=\"image.default\">\n\t\t\t\t<div class=\"elementor-widget-container\">\n\t\t\t\t\t\t\t\t\t\t\t\t\t\t\t<img decoding=\"async\" width=\"300\" height=\"63\" src=\"https:\/\/newsole.ch\/wp-content\/uploads\/2023\/03\/cropped-logo_fond_blanc-300x63.png\" class=\"attachment-medium size-medium wp-image-487808\" alt=\"\" srcset=\"https:\/\/newsole.ch\/wp-content\/uploads\/2023\/03\/cropped-logo_fond_blanc-300x63.png 300w, https:\/\/newsole.ch\/wp-content\/uploads\/2023\/03\/cropped-logo_fond_blanc-600x126.png 600w, https:\/\/newsole.ch\/wp-content\/uploads\/2023\/03\/cropped-logo_fond_blanc-1024x215.png 1024w, https:\/\/newsole.ch\/wp-content\/uploads\/2023\/03\/cropped-logo_fond_blanc-768x161.png 768w, https:\/\/newsole.ch\/wp-content\/uploads\/2023\/03\/cropped-logo_fond_blanc-1536x322.png 1536w, https:\/\/newsole.ch\/wp-content\/uploads\/2023\/03\/cropped-logo_fond_blanc-2048x429.png 2048w\" sizes=\"(max-width: 300px) 100vw, 300px\" title=\"\">\t\t\t\t\t\t\t\t\t\t\t\t\t\t\t<\/div>\n\t\t\t\t<\/div>\n\t\t\t\t<div class=\"elementor-element elementor-element-395b226 jltma-glass-effect-no elementor-widget elementor-widget-spacer\" data-id=\"395b226\" data-element_type=\"widget\" data-e-type=\"widget\" data-widget_type=\"spacer.default\">\n\t\t\t\t<div class=\"elementor-widget-container\">\n\t\t\t\t\t\t\t<div class=\"elementor-spacer\">\n\t\t\t<div class=\"elementor-spacer-inner\"><\/div>\n\t\t<\/div>\n\t\t\t\t\t\t<\/div>\n\t\t\t\t<\/div>\n\t\t\t\t\t<\/div>\n\t\t<\/div>\n\t\t\t\t\t<\/div>\n\t\t<\/section>\n\t\t\t\t<\/div>\n\t\t","protected":false},"excerpt":{"rendered":"<p>R\u00fcckgaberecht R\u00fccksendungen werden innerhalb von 7 Tagen nach Erhalt der Ware akzeptiert, vorausgesetzt, dass: die Turnschuhe wurden nur anprobiert (nicht getragen), das Produkt ist in perfektem Zustand, die Originalverpackung unversehrt ist. R\u00fccksendungen werden erstattet ausschlie\u00dflich \u00fcber eine Ladengutschrift&nbsp;zur\u00fcckerstattet, die dem Wert des zur\u00fcckgegebenen Produkts entspricht, abz\u00fcglich CHF 20.- f\u00fcr R\u00fccksende- und Bearbeitungskosten. Die nach einer [&hellip;]<\/p>\n","protected":false},"author":1,"featured_media":0,"parent":0,"menu_order":0,"comment_status":"closed","ping_status":"closed","template":"","meta":{"ocean_post_layout":"","ocean_both_sidebars_style":"","ocean_both_sidebars_content_width":0,"ocean_both_sidebars_sidebars_width":0,"ocean_sidebar":"0","ocean_second_sidebar":"0","ocean_disable_margins":"enable","ocean_add_body_class":"","ocean_shortcode_before_top_bar":"","ocean_shortcode_after_top_bar":"","ocean_shortcode_before_header":"","ocean_shortcode_after_header":"","ocean_has_shortcode":"","ocean_shortcode_after_title":"","ocean_shortcode_before_footer_widgets":"","ocean_shortcode_after_footer_widgets":"","ocean_shortcode_before_footer_bottom":"","ocean_shortcode_after_footer_bottom":"","ocean_display_top_bar":"default","ocean_display_header":"default","ocean_header_style":"","ocean_center_header_left_menu":"0","ocean_custom_header_template":"0","ocean_custom_logo":0,"ocean_custom_retina_logo":0,"ocean_custom_logo_max_width":0,"ocean_custom_logo_tablet_max_width":0,"ocean_custom_logo_mobile_max_width":0,"ocean_custom_logo_max_height":0,"ocean_custom_logo_tablet_max_height":0,"ocean_custom_logo_mobile_max_height":0,"ocean_header_custom_menu":"0","ocean_menu_typo_font_family":"0","ocean_menu_typo_font_subset":"","ocean_menu_typo_font_size":0,"ocean_menu_typo_font_size_tablet":0,"ocean_menu_typo_font_size_mobile":0,"ocean_menu_typo_font_size_unit":"px","ocean_menu_typo_font_weight":"","ocean_menu_typo_font_weight_tablet":"","ocean_menu_typo_font_weight_mobile":"","ocean_menu_typo_transform":"","ocean_menu_typo_transform_tablet":"","ocean_menu_typo_transform_mobile":"","ocean_menu_typo_line_height":0,"ocean_menu_typo_line_height_tablet":0,"ocean_menu_typo_line_height_mobile":0,"ocean_menu_typo_line_height_unit":"","ocean_menu_typo_spacing":0,"ocean_menu_typo_spacing_tablet":0,"ocean_menu_typo_spacing_mobile":0,"ocean_menu_typo_spacing_unit":"","ocean_menu_link_color":"","ocean_menu_link_color_hover":"","ocean_menu_link_color_active":"","ocean_menu_link_background":"","ocean_menu_link_hover_background":"","ocean_menu_link_active_background":"","ocean_menu_social_links_bg":"","ocean_menu_social_hover_links_bg":"","ocean_menu_social_links_color":"","ocean_menu_social_hover_links_color":"","ocean_disable_title":"default","ocean_disable_heading":"default","ocean_post_title":"","ocean_post_subheading":"","ocean_post_title_style":"","ocean_post_title_background_color":"","ocean_post_title_background":0,"ocean_post_title_bg_image_position":"","ocean_post_title_bg_image_attachment":"","ocean_post_title_bg_image_repeat":"","ocean_post_title_bg_image_size":"","ocean_post_title_height":0,"ocean_post_title_bg_overlay":0.5,"ocean_post_title_bg_overlay_color":"","ocean_disable_breadcrumbs":"default","ocean_breadcrumbs_color":"","ocean_breadcrumbs_separator_color":"","ocean_breadcrumbs_links_color":"","ocean_breadcrumbs_links_hover_color":"","ocean_display_footer_widgets":"default","ocean_display_footer_bottom":"default","ocean_custom_footer_template":"0","footnotes":""},"class_list":["post-487817","page","type-page","status-publish","hentry","entry","owp-thumbs-layout-horizontal","owp-btn-normal","owp-tabs-layout-horizontal","has-no-thumbnails","has-product-nav"],"_links":{"self":[{"href":"https:\/\/newsole.ch\/de\/wp-json\/wp\/v2\/pages\/487817","targetHints":{"allow":["GET"]}}],"collection":[{"href":"https:\/\/newsole.ch\/de\/wp-json\/wp\/v2\/pages"}],"about":[{"href":"https:\/\/newsole.ch\/de\/wp-json\/wp\/v2\/types\/page"}],"author":[{"embeddable":true,"href":"https:\/\/newsole.ch\/de\/wp-json\/wp\/v2\/users\/1"}],"replies":[{"embeddable":true,"href":"https:\/\/newsole.ch\/de\/wp-json\/wp\/v2\/comments?post=487817"}],"version-history":[{"count":0,"href":"https:\/\/newsole.ch\/de\/wp-json\/wp\/v2\/pages\/487817\/revisions"}],"wp:attachment":[{"href":"https:\/\/newsole.ch\/de\/wp-json\/wp\/v2\/media?parent=487817"}],"curies":[{"name":"wp","href":"https:\/\/api.w.org\/{rel}","templated":true}]}}