{"id":487821,"date":"2023-04-07T18:31:37","date_gmt":"2023-04-07T16:31:37","guid":{"rendered":"https:\/\/newsole.ch\/datenschutzbestimmungen\/"},"modified":"2026-03-10T14:10:39","modified_gmt":"2026-03-10T13:10:39","slug":"datenschutzbestimmungen","status":"publish","type":"page","link":"https:\/\/newsole.ch\/de\/datenschutzbestimmungen\/","title":{"rendered":"Datenschutzbestimmungen"},"content":{"rendered":"\t\t<div data-elementor-type=\"wp-page\" data-elementor-id=\"487821\" class=\"elementor elementor-487821 elementor-6594\">\n\t\t\t\t\t\t<section class=\"elementor-section elementor-top-section elementor-element elementor-element-6dfd36f elementor-section-boxed elementor-section-height-default elementor-section-height-default jltma-glass-effect-no\" data-id=\"6dfd36f\" data-element_type=\"section\" data-e-type=\"section\">\n\t\t\t\t\t\t<div class=\"elementor-container elementor-column-gap-default\">\n\t\t\t\t\t<div class=\"elementor-column elementor-col-100 elementor-top-column elementor-element elementor-element-7b00ca99 jltma-glass-effect-no\" data-id=\"7b00ca99\" data-element_type=\"column\" data-e-type=\"column\">\n\t\t\t<div class=\"elementor-widget-wrap elementor-element-populated\">\n\t\t\t\t\t\t<div class=\"elementor-element elementor-element-31e488c3 jltma-glass-effect-no elementor-widget elementor-widget-text-editor\" data-id=\"31e488c3\" data-element_type=\"widget\" data-e-type=\"widget\" data-widget_type=\"text-editor.default\">\n\t\t\t\t<div class=\"elementor-widget-container\">\n\t\t\t\t\t\t\t\t\t<h2>Datenschutzbestimmungen<\/h2>\n<p><span lang=\"en\">Aktualisiert am 15. Januar 2026<\/span><\/p>\n<h2 data-start=\"612\" data-end=\"628\">1. Controller<\/h2>\n<p data-start=\"629\" data-end=\"679\">Die Website <strong data-start=\"641\" data-end=\"663\"><a class=\"decorated-link\" href=\"https:\/\/newsole.ch\/de\/\" target=\"_new\" rel=\"noopener\" data-start=\"643\" data-end=\"661\">https:\/\/newsole.ch<\/a><\/strong> wird betrieben von:<\/p>\n<p data-start=\"681\" data-end=\"765\"><strong data-start=\"681\" data-end=\"692\">Jordan Nerny<\/strong><br data-start=\"692\" data-end=\"695\">UID: <strong data-start=\"700\" data-end=\"719\">CHE-214.576.767<\/strong><br data-start=\"719\" data-end=\"722\">Schweiz<br data-start=\"733\" data-end=\"736\">Email: <strong data-start=\"743\" data-end=\"765\"><a class=\"decorated-link cursor-pointer\" rel=\"noopener\" data-start=\"745\" data-end=\"763\">contact@newsole.ch<\/a><\/strong><\/p>\n<p data-start=\"767\" data-end=\"867\">Jordan Nerny ist der Verantwortliche f\u00fcr die Verarbeitung personenbezogener Daten im Rahmen dieser Datenschutzrichtlinie.<\/p>\n<hr data-start=\"869\" data-end=\"872\">\n<h2 data-start=\"874\" data-end=\"885\">2. Umfang<\/h2>\n<p data-start=\"886\" data-end=\"1061\">Diese Datenschutzrichtlinie gilt f\u00fcr alle Besucher und Kunden der Newsole-Website und regelt die Erfassung und Verarbeitung personenbezogener Daten im Zusammenhang mit unserem Online-Shop.<\/p>\n<p data-start=\"1063\" data-end=\"1191\">Indem Sie unsere Website nutzen oder eine Bestellung aufgeben, erkl\u00e4ren Sie sich mit der Verarbeitung Ihrer pers\u00f6nlichen Daten, wie in dieser Datenschutzerkl\u00e4rung beschrieben, einverstanden.<\/p>\n<hr data-start=\"1193\" data-end=\"1196\">\n<h2 data-start=\"1198\" data-end=\"1228\">3. Pers\u00f6nliche Daten, die wir sammeln<\/h2>\n<p data-start=\"1229\" data-end=\"1329\">Wir erheben nur die pers\u00f6nlichen Daten, die f\u00fcr den Betrieb unseres Online-Shops und die Ausf\u00fchrung von Bestellungen erforderlich sind:<\/p>\n<ul data-start=\"1331\" data-end=\"1553\">\n<li data-start=\"1331\" data-end=\"1354\">\n<p data-start=\"1333\" data-end=\"1354\">Vor- und Nachname<\/p>\n<\/li>\n<li data-start=\"1355\" data-end=\"1372\">\n<p data-start=\"1357\" data-end=\"1372\">E-Mail Adresse<\/p>\n<\/li>\n<li data-start=\"1373\" data-end=\"1389\">\n<p data-start=\"1375\" data-end=\"1389\">Rufnummer<\/p>\n<\/li>\n<li data-start=\"1390\" data-end=\"1422\">\n<p data-start=\"1392\" data-end=\"1422\">Rechnungs- und Lieferadresse<\/p>\n<\/li>\n<li data-start=\"1423\" data-end=\"1499\">\n<p data-start=\"1425\" data-end=\"1499\">Zahlungsbezogene Informationen (ausschlie\u00dflich von Zahlungsanbietern verarbeitet)<\/p>\n<\/li>\n<li data-start=\"1500\" data-end=\"1553\">\n<p data-start=\"1502\" data-end=\"1553\">IP-Adresse und technische Nutzungsdaten (Cookies, Protokolle)<\/p>\n<\/li>\n<\/ul>\n<p data-start=\"1555\" data-end=\"1626\">Wir sammeln <strong data-start=\"1561\" data-end=\"1568\">nicht<\/strong> wissentlich Daten von Kindern unter 13 Jahren.<\/p>\n<hr data-start=\"1628\" data-end=\"1631\">\n<h2 data-start=\"1633\" data-end=\"1665\">4. Zweck der Datenverarbeitung<\/h2>\n<p data-start=\"1666\" data-end=\"1725\">Ihre pers\u00f6nlichen Daten werden f\u00fcr die folgenden Zwecke verarbeitet:<\/p>\n<ul data-start=\"1727\" data-end=\"2004\">\n<li data-start=\"1727\" data-end=\"1763\">\n<p data-start=\"1729\" data-end=\"1763\">Bearbeitung und Auslieferung von Bestellungen<\/p>\n<\/li>\n<li data-start=\"1764\" data-end=\"1806\">\n<p data-start=\"1766\" data-end=\"1806\">Zahlungsabwicklung und Betrugsbek\u00e4mpfung<\/p>\n<\/li>\n<li data-start=\"1807\" data-end=\"1845\">\n<p data-start=\"1809\" data-end=\"1845\">Kundenservice und Kommunikation<\/p>\n<\/li>\n<li data-start=\"1846\" data-end=\"1884\">\n<p data-start=\"1848\" data-end=\"1884\">Verwaltung von Retouren und Gutschriften im Gesch\u00e4ft<\/p>\n<\/li>\n<li data-start=\"1885\" data-end=\"1933\">\n<p data-start=\"1887\" data-end=\"1933\">Verbesserung der Funktionalit\u00e4t und Sicherheit der Website<\/p>\n<\/li>\n<li data-start=\"1934\" data-end=\"2004\">\n<p data-start=\"1936\" data-end=\"2004\">Versenden von Transaktions-E-Mails (Auftragsbest\u00e4tigungen, Aktualisierungen der Lieferung)<\/p>\n<\/li>\n<\/ul>\n<p>Wenn Sie eine Bestellung bei Newsole aufgeben, k\u00f6nnen wir Ihre E-Mail-Adresse verwenden, um Ihnen Marketingmitteilungen \u00fcber \u00e4hnliche Produkte oder Angebote zu schicken. Sie k\u00f6nnen dem Erhalt solcher Mitteilungen jederzeit widersprechen, indem Sie auf den in jeder E-Mail enthaltenen Link zum Abbestellen klicken oder uns unter contact@newsole.ch kontaktieren. <\/p>\n<hr data-start=\"2111\" data-end=\"2114\">\n<h2 data-start=\"2116\" data-end=\"2139\">5. Anbieter von Zahlungen<\/h2>\n<p data-start=\"2140\" data-end=\"2303\">Zahlungen werden sicher von Drittanbietern (z.B. PayPal, Stripe) abgewickelt.<br data-start=\"2227\" data-end=\"2230\">Newsole <strong data-start=\"2243\" data-end=\"2287\">speichert keine Kreditkarten- oder Zahlungsdetails<\/strong> auf seinen Servern.<\/p>\n<p data-start=\"2305\" data-end=\"2378\">Zahlungsanbieter verarbeiten personenbezogene Daten im Rahmen ihrer eigenen Datenschutzrichtlinien.<\/p>\n<hr data-start=\"2380\" data-end=\"2383\">\n<h2 data-start=\"2385\" data-end=\"2412\">6. Cookies und Analytik<\/h2>\n<p data-start=\"2413\" data-end=\"2532\">Wir verwenden Cookies und \u00e4hnliche Technologien, um das ordnungsgem\u00e4\u00dfe Funktionieren unserer Website zu gew\u00e4hrleisten und die Benutzerfreundlichkeit zu verbessern.<\/p>\n<p data-start=\"2534\" data-end=\"2558\">Cookies k\u00f6nnen verwendet werden f\u00fcr:<\/p>\n<ul data-start=\"2559\" data-end=\"2611\">\n<li data-start=\"2559\" data-end=\"2582\">\n<p data-start=\"2561\" data-end=\"2582\">Funktionalit\u00e4t der Website<\/p>\n<\/li>\n<li data-start=\"2583\" data-end=\"2593\">\n<p data-start=\"2585\" data-end=\"2593\">Sicherheit<\/p>\n<\/li>\n<li data-start=\"2594\" data-end=\"2611\">\n<p data-start=\"2596\" data-end=\"2611\">Basis-Analytik<\/p>\n<\/li>\n<\/ul>\n<p data-start=\"2613\" data-end=\"2703\">Sie k\u00f6nnen Cookies in den Einstellungen Ihres Browsers deaktivieren. Dadurch k\u00f6nnen bestimmte Funktionen der Website eingeschr\u00e4nkt werden. <\/p>\n<hr data-start=\"2705\" data-end=\"2708\">\n<h2 data-start=\"2710\" data-end=\"2728\">7. Gemeinsame Nutzung von Daten<\/h2>\n<p data-start=\"2729\" data-end=\"2770\">Wir <strong data-start=\"2735\" data-end=\"2755\">verkaufen oder vermieten keine<\/strong> pers\u00f6nlichen Daten.<\/p>\n<p data-start=\"2772\" data-end=\"2856\">Pers\u00f6nliche Daten werden nur dann an vertrauensw\u00fcrdige Dritte weitergegeben, wenn dies erforderlich ist, wie z.B.:<\/p>\n<ul data-start=\"2857\" data-end=\"2967\">\n<li data-start=\"2857\" data-end=\"2876\">\n<p data-start=\"2859\" data-end=\"2876\">Hosting-Anbieter<\/p>\n<\/li>\n<li data-start=\"2877\" data-end=\"2897\">\n<p data-start=\"2879\" data-end=\"2897\">Zahlungsabwickler<\/p>\n<\/li>\n<li data-start=\"2898\" data-end=\"2931\">\n<p data-start=\"2900\" data-end=\"2931\">Versand- und Logistikpartner<\/p>\n<\/li>\n<li data-start=\"2932\" data-end=\"2967\">\n<p data-start=\"2934\" data-end=\"2967\">IT- und Sicherheitsdienstleister<\/p>\n<\/li>\n<\/ul>\n<p data-start=\"2969\" data-end=\"3081\">Alle Drittparteien sind vertraglich verpflichtet, Daten in \u00dcbereinstimmung mit den geltenden Datenschutzgesetzen zu verarbeiten.<\/p>\n<hr data-start=\"3083\" data-end=\"3086\">\n<h2 data-start=\"3088\" data-end=\"3122\">8. Internationale Daten\u00fcbermittlung<\/h2>\n<p data-start=\"3123\" data-end=\"3231\">Personenbezogene Daten k\u00f6nnen in der Schweiz oder in anderen L\u00e4ndern verarbeitet werden, in denen unsere Dienstleister ans\u00e4ssig sind.<\/p>\n<p data-start=\"3233\" data-end=\"3331\">Wo erforderlich, werden geeignete Schutzma\u00dfnahmen angewandt, um ein angemessenes Datenschutzniveau zu gew\u00e4hrleisten.<\/p>\n<hr data-start=\"3333\" data-end=\"3336\">\n<h2 data-start=\"3338\" data-end=\"3358\">9. Aufbewahrung von Daten<\/h2>\n<p data-start=\"3359\" data-end=\"3416\">Wir bewahren personenbezogene Daten nur so lange auf, wie es notwendig ist, um:<\/p>\n<ul data-start=\"3417\" data-end=\"3524\">\n<li data-start=\"3417\" data-end=\"3459\">\n<p data-start=\"3419\" data-end=\"3459\">vertragliche und gesetzliche Verpflichtungen erf\u00fcllen<\/p>\n<\/li>\n<li data-start=\"3460\" data-end=\"3505\">\n<p data-start=\"3462\" data-end=\"3505\">die buchhalterischen und steuerlichen Anforderungen erf\u00fcllen<\/p>\n<\/li>\n<li data-start=\"3506\" data-end=\"3524\">\n<p data-start=\"3508\" data-end=\"3524\">Streitigkeiten beilegen<\/p>\n<\/li>\n<\/ul>\n<p data-start=\"3526\" data-end=\"3581\">Wenn die Daten nicht mehr ben\u00f6tigt werden, werden sie gel\u00f6scht oder anonymisiert.<\/p>\n<hr data-start=\"3583\" data-end=\"3586\">\n<h2 data-start=\"3588\" data-end=\"3608\">10. Datensicherheit<\/h2>\n<p data-start=\"3609\" data-end=\"3741\">Wir setzen geeignete technische und organisatorische Ma\u00dfnahmen ein, um personenbezogene Daten vor unberechtigtem Zugriff, Verlust oder Missbrauch zu sch\u00fctzen.<\/p>\n<p data-start=\"3743\" data-end=\"3794\">Allerdings kann kein System absolute Sicherheit garantieren.<\/p>\n<hr data-start=\"3796\" data-end=\"3799\">\n<h2 data-start=\"3801\" data-end=\"3819\">11. Ihre Rechte<\/h2>\n<p data-start=\"3820\" data-end=\"3881\">Gem\u00e4\u00df den geltenden Datenschutzgesetzen haben Sie das Recht auf:<\/p>\n<ul data-start=\"3883\" data-end=\"4123\">\n<li data-start=\"3883\" data-end=\"3912\">\n<p data-start=\"3885\" data-end=\"3912\">Zugang zu Ihren pers\u00f6nlichen Daten<\/p>\n<\/li>\n<li data-start=\"3913\" data-end=\"3954\">\n<p data-start=\"3915\" data-end=\"3954\">Korrektur falscher Daten beantragen<\/p>\n<\/li>\n<li data-start=\"3955\" data-end=\"4016\">\n<p data-start=\"3957\" data-end=\"4016\">die L\u00f6schung Ihrer Daten zu verlangen (soweit gesetzlich zul\u00e4ssig)<\/p>\n<\/li>\n<li data-start=\"4017\" data-end=\"4061\">\n<p data-start=\"4019\" data-end=\"4061\">Widerspruch gegen bestimmte Verarbeitungen oder deren Einschr\u00e4nkung<\/p>\n<\/li>\n<li data-start=\"4062\" data-end=\"4123\">\n<p data-start=\"4064\" data-end=\"4123\">Ihre Zustimmung zu Marketingmitteilungen jederzeit widerrufen<\/p>\n<\/li>\n<\/ul>\n<p data-start=\"4125\" data-end=\"4172\">Anfragen k\u00f6nnen gesendet werden an: <strong data-start=\"4150\" data-end=\"4172\"><a class=\"decorated-link cursor-pointer\" rel=\"noopener\" data-start=\"4152\" data-end=\"4170\">contact@newsole.ch<\/a><\/strong><\/p>\n<hr data-start=\"4174\" data-end=\"4177\">\n<h2 data-start=\"4179\" data-end=\"4203\">12. Links von Dritten<\/h2>\n<p data-start=\"4204\" data-end=\"4323\">Unsere Website kann Links zu Websites von Drittanbietern enthalten.<br data-start=\"4258\" data-end=\"4261\">Wir sind nicht verantwortlich f\u00fcr deren Inhalte oder Datenschutzpraktiken.<\/p>\n<hr data-start=\"4325\" data-end=\"4328\">\n<h2 data-start=\"4330\" data-end=\"4367\">13. \u00c4nderungen an dieser Datenschutzrichtlinie<\/h2>\n<p data-start=\"4368\" data-end=\"4481\">Wir k\u00f6nnen diese Datenschutzrichtlinie jederzeit aktualisieren.<br data-start=\"4414\" data-end=\"4417\">Es gilt die zum Zeitpunkt der Nutzung auf unserer Website ver\u00f6ffentlichte Version.<\/p>\n<hr data-start=\"4483\" data-end=\"4486\">\n<h2 data-start=\"4488\" data-end=\"4508\">14. Geltendes Recht<\/h2>\n<p data-start=\"4509\" data-end=\"4558\">Diese Datenschutzrichtlinie unterliegt <strong data-start=\"4544\" data-end=\"4557\">schweizerischem Recht<\/strong>.<\/p>\n<p><\/p>\t\t\t\t\t\t\t\t<\/div>\n\t\t\t\t<\/div>\n\t\t\t\t\t<\/div>\n\t\t<\/div>\n\t\t\t\t\t<\/div>\n\t\t<\/section>\n\t\t\t\t<\/div>\n\t\t","protected":false},"excerpt":{"rendered":"<p>Datenschutzbestimmungen Aktualisiert am 15. Januar 2026 1. Controller Die Website https:\/\/newsole.ch wird betrieben von: Jordan NernyUID: CHE-214.576.767SchweizEmail: contact@newsole.ch Jordan Nerny ist der Verantwortliche f\u00fcr die Verarbeitung personenbezogener Daten im Rahmen dieser Datenschutzrichtlinie. 2. Umfang Diese Datenschutzrichtlinie gilt f\u00fcr alle Besucher und Kunden der Newsole-Website und regelt die Erfassung und Verarbeitung personenbezogener Daten im Zusammenhang mit [&hellip;]<\/p>\n","protected":false},"author":1,"featured_media":0,"parent":0,"menu_order":0,"comment_status":"closed","ping_status":"closed","template":"","meta":{"ocean_post_layout":"","ocean_both_sidebars_style":"","ocean_both_sidebars_content_width":0,"ocean_both_sidebars_sidebars_width":0,"ocean_sidebar":"0","ocean_second_sidebar":"0","ocean_disable_margins":"enable","ocean_add_body_class":"","ocean_shortcode_before_top_bar":"","ocean_shortcode_after_top_bar":"","ocean_shortcode_before_header":"","ocean_shortcode_after_header":"","ocean_has_shortcode":"","ocean_shortcode_after_title":"","ocean_shortcode_before_footer_widgets":"","ocean_shortcode_after_footer_widgets":"","ocean_shortcode_before_footer_bottom":"","ocean_shortcode_after_footer_bottom":"","ocean_display_top_bar":"default","ocean_display_header":"default","ocean_header_style":"","ocean_center_header_left_menu":"0","ocean_custom_header_template":"0","ocean_custom_logo":0,"ocean_custom_retina_logo":0,"ocean_custom_logo_max_width":0,"ocean_custom_logo_tablet_max_width":0,"ocean_custom_logo_mobile_max_width":0,"ocean_custom_logo_max_height":0,"ocean_custom_logo_tablet_max_height":0,"ocean_custom_logo_mobile_max_height":0,"ocean_header_custom_menu":"0","ocean_menu_typo_font_family":"0","ocean_menu_typo_font_subset":"","ocean_menu_typo_font_size":0,"ocean_menu_typo_font_size_tablet":0,"ocean_menu_typo_font_size_mobile":0,"ocean_menu_typo_font_size_unit":"px","ocean_menu_typo_font_weight":"","ocean_menu_typo_font_weight_tablet":"","ocean_menu_typo_font_weight_mobile":"","ocean_menu_typo_transform":"","ocean_menu_typo_transform_tablet":"","ocean_menu_typo_transform_mobile":"","ocean_menu_typo_line_height":0,"ocean_menu_typo_line_height_tablet":0,"ocean_menu_typo_line_height_mobile":0,"ocean_menu_typo_line_height_unit":"","ocean_menu_typo_spacing":0,"ocean_menu_typo_spacing_tablet":0,"ocean_menu_typo_spacing_mobile":0,"ocean_menu_typo_spacing_unit":"","ocean_menu_link_color":"","ocean_menu_link_color_hover":"","ocean_menu_link_color_active":"","ocean_menu_link_background":"","ocean_menu_link_hover_background":"","ocean_menu_link_active_background":"","ocean_menu_social_links_bg":"","ocean_menu_social_hover_links_bg":"","ocean_menu_social_links_color":"","ocean_menu_social_hover_links_color":"","ocean_disable_title":"default","ocean_disable_heading":"default","ocean_post_title":"","ocean_post_subheading":"","ocean_post_title_style":"","ocean_post_title_background_color":"","ocean_post_title_background":0,"ocean_post_title_bg_image_position":"","ocean_post_title_bg_image_attachment":"","ocean_post_title_bg_image_repeat":"","ocean_post_title_bg_image_size":"","ocean_post_title_height":0,"ocean_post_title_bg_overlay":0.5,"ocean_post_title_bg_overlay_color":"","ocean_disable_breadcrumbs":"default","ocean_breadcrumbs_color":"","ocean_breadcrumbs_separator_color":"","ocean_breadcrumbs_links_color":"","ocean_breadcrumbs_links_hover_color":"","ocean_display_footer_widgets":"default","ocean_display_footer_bottom":"default","ocean_custom_footer_template":"0","footnotes":""},"class_list":["post-487821","page","type-page","status-publish","hentry","entry","owp-thumbs-layout-horizontal","owp-btn-normal","owp-tabs-layout-horizontal","has-no-thumbnails","has-product-nav"],"_links":{"self":[{"href":"https:\/\/newsole.ch\/de\/wp-json\/wp\/v2\/pages\/487821","targetHints":{"allow":["GET"]}}],"collection":[{"href":"https:\/\/newsole.ch\/de\/wp-json\/wp\/v2\/pages"}],"about":[{"href":"https:\/\/newsole.ch\/de\/wp-json\/wp\/v2\/types\/page"}],"author":[{"embeddable":true,"href":"https:\/\/newsole.ch\/de\/wp-json\/wp\/v2\/users\/1"}],"replies":[{"embeddable":true,"href":"https:\/\/newsole.ch\/de\/wp-json\/wp\/v2\/comments?post=487821"}],"version-history":[{"count":0,"href":"https:\/\/newsole.ch\/de\/wp-json\/wp\/v2\/pages\/487821\/revisions"}],"wp:attachment":[{"href":"https:\/\/newsole.ch\/de\/wp-json\/wp\/v2\/media?parent=487821"}],"curies":[{"name":"wp","href":"https:\/\/api.w.org\/{rel}","templated":true}]}}