{"id":487795,"date":"2024-10-31T20:46:12","date_gmt":"2024-10-31T19:46:12","guid":{"rendered":"https:\/\/newsole.ch\/a-propos-de-nous\/"},"modified":"2026-03-18T14:21:53","modified_gmt":"2026-03-18T13:21:53","slug":"a-propos-de-nous","status":"publish","type":"page","link":"https:\/\/newsole.ch\/fr\/a-propos-de-nous\/","title":{"rendered":"A propos de nous"},"content":{"rendered":"\t\t<div data-elementor-type=\"wp-page\" data-elementor-id=\"487795\" class=\"elementor elementor-487795 elementor-11582\">\n\t\t\t\t\t\t<section class=\"elementor-section elementor-top-section elementor-element elementor-element-9394399 elementor-section-boxed elementor-section-height-default elementor-section-height-default jltma-glass-effect-no\" data-id=\"9394399\" data-element_type=\"section\" data-e-type=\"section\">\n\t\t\t\t\t\t<div class=\"elementor-container elementor-column-gap-default\">\n\t\t\t\t\t<div class=\"elementor-column elementor-col-100 elementor-top-column elementor-element elementor-element-a17d0f3 jltma-glass-effect-no\" data-id=\"a17d0f3\" data-element_type=\"column\" data-e-type=\"column\">\n\t\t\t<div class=\"elementor-widget-wrap elementor-element-populated\">\n\t\t\t\t\t\t<div class=\"elementor-element elementor-element-1fb5ac0 jltma-glass-effect-no elementor-widget elementor-widget-heading\" data-id=\"1fb5ac0\" data-element_type=\"widget\" data-e-type=\"widget\" data-widget_type=\"heading.default\">\n\t\t\t\t<div class=\"elementor-widget-container\">\n\t\t\t\t\t<h2 class=\"elementor-heading-title elementor-size-default\">A propos de nous<\/h2>\t\t\t\t<\/div>\n\t\t\t\t<\/div>\n\t\t\t\t\t<\/div>\n\t\t<\/div>\n\t\t\t\t\t<\/div>\n\t\t<\/section>\n\t\t\t\t<section class=\"elementor-section elementor-top-section elementor-element elementor-element-5c02e3f elementor-section-boxed elementor-section-height-default elementor-section-height-default jltma-glass-effect-no\" data-id=\"5c02e3f\" data-element_type=\"section\" data-e-type=\"section\">\n\t\t\t\t\t\t<div class=\"elementor-container elementor-column-gap-default\">\n\t\t\t\t\t<div class=\"elementor-column elementor-col-100 elementor-top-column elementor-element elementor-element-b09c05a jltma-glass-effect-no\" data-id=\"b09c05a\" data-element_type=\"column\" data-e-type=\"column\">\n\t\t\t<div class=\"elementor-widget-wrap elementor-element-populated\">\n\t\t\t\t\t\t<div class=\"elementor-element elementor-element-fdf9b8a jltma-glass-effect-no elementor-widget elementor-widget-text-editor\" data-id=\"fdf9b8a\" data-element_type=\"widget\" data-e-type=\"widget\" data-widget_type=\"text-editor.default\">\n\t\t\t\t<div class=\"elementor-widget-container\">\n\t\t\t\t\t\t\t\t\t<p>Newsole a \u00e9t\u00e9 cr\u00e9\u00e9e avec une mission simple : <strong><span class=\"sc-jXbUNg hlefgy AT-ate-chip--compact ate-chip--marker ate-chip--strong ate-chip ate-chip--compact\" data-segment=\"gid_0\" data-type=\"g\"><span class=\"sc-imWYAI hXteRa\">rendre les baskets les plus recherch\u00e9es accessibles en Suisse facilement, en toute s\u00e9curit\u00e9 et sans complications.<\/span><\/span><\/strong><\/p><p>Notre histoire a commenc\u00e9 en 2018 avec une v\u00e9ritable passion pour les sneakers et la culture qui les entoure. Comme beaucoup de passionn\u00e9s de sneakers, nous avons connu la m\u00eame frustration : les meilleures sorties se vendent instantan\u00e9ment, et trouver des paires authentiques par la suite peut s&rsquo;av\u00e9rer difficile et risqu\u00e9.<\/p><p data-start=\"804\" data-end=\"1016\">Apr\u00e8s des ann\u00e9es d&rsquo;exp\u00e9rience dans le sourcing et l&rsquo;authentification de <span class=\"error-spellcheck\" data-word=\"sneakers\" data-suggestion=\"speakerine\">sneakers<\/span>, nous avons lanc\u00e9 <strong><span class=\"sc-jXbUNg hlefgy AT-ate-chip--compact ate-chip--marker ate-chip--strong ate-chip ate-chip--compact\" data-segment=\"gid_0\" data-type=\"g\"><span class=\"sc-imWYAI hXteRa\">Newsole.ch en 2023<\/span><\/span><\/strong> pour cr\u00e9er un lieu de confiance o\u00f9 les amateurs de <span class=\"error-spellcheck\" data-word=\"sneakers\" data-suggestion=\"speakerine\">sneakers<\/span> en Suisse peuvent acheter des <span class=\"error-spellcheck\" data-word=\"sneakers\" data-suggestion=\"speakerine\">sneakers<\/span> rares et tendance en toute confiance.<\/p><p>Aujourd&rsquo;hui, Newsole met les clients en contact avec <strong><span class=\"sc-jXbUNg hlefgy AT-ate-chip--compact ate-chip--marker ate-chip--strong  ate-chip ate-chip--compact ate-chip--marker ate-chip--strong\" data-segment=\"gid_0\" data-type=\"g\"><span class=\"sc-imWYAI hXteRa\">certaines des baskets les plus recherch\u00e9es sur le march\u00e9<\/span><\/span>,<\/strong> m\u00eame apr\u00e8s leur disparition des magasins de d\u00e9tail.<\/p><hr data-start=\"1162\" data-end=\"1165\" \/><h1 data-section-id=\"1ioqngi\" data-start=\"1167\" data-end=\"1187\"><span style=\"font-size: 24px;\">Pourquoi faire confiance \u00e0 Newsole ?<\/span><\/h1><p>L&rsquo;achat de chaussures de sport en ligne doit \u00eatre une exp\u00e9rience passionnante et <strong><span class=\"sc-jXbUNg hlefgy AT-ate-chip--compact ate-chip--marker ate-chip--strong  ate-chip ate-chip--compact ate-chip--marker ate-chip--strong\" data-segment=\"gid_0\" data-type=\"g\"><span class=\"sc-imWYAI hXteRa\">non un risque<\/span><\/span>.<\/strong><\/p><p>C&rsquo;est pourquoi nous nous concentrons sur trois points essentiels :<strong> l&rsquo;<span class=\"sc-jXbUNg hlefgy AT-ate-chip--compact ate-chip--marker ate-chip--strong  ate-chip ate-chip--compact ate-chip--marker ate-chip--strong\" data-segment=\"gid_0\" data-type=\"g\"><span class=\"sc-imWYAI hXteRa\">authenticit\u00e9, la transparence et la satisfaction du client.<\/span><\/span><\/strong><\/p><p>Lorsque vous achetez chez Newsole, vous b\u00e9n\u00e9ficiez de :<\/p><p><strong>\u2714 <span class=\"sc-jXbUNg hlefgy AT-ate-chip--compact ate-chip--marker ate-chip--strong  ate-chip ate-chip--compact ate-chip--marker ate-chip--strong\" data-segment=\"gid_0\" data-type=\"g\"><span class=\"sc-imWYAI hXteRa\">Baskets 100% authentiques<\/span><\/span><\/strong><br \/><strong>\u2714 <span class=\"sc-jXbUNg hlefgy AT-ate-chip--compact ate-chip--marker ate-chip--strong ate-chip ate-chip--compact\" data-segment=\"gid_1\" data-type=\"g\"><span class=\"sc-imWYAI hXteRa\">Paires neuves uniquement<\/span><\/span><\/strong><br \/><strong>\u2714 <span class=\"sc-jXbUNg hlefgy AT-ate-chip--compact ate-chip--marker ate-chip--strong ate-chip ate-chip--compact\" data-segment=\"gid_2\" data-type=\"g\"><span class=\"sc-imWYAI hXteRa\">Inventaire soigneusement s\u00e9lectionn\u00e9<\/span><\/span><\/strong><br \/><strong>\u2714 <span class=\"sc-jXbUNg hlefgy AT-ate-chip--compact ate-chip--marker ate-chip--strong  ate-chip ate-chip--compact ate-chip--marker ate-chip--strong\" data-segment=\"gid_3\" data-type=\"g\"><span class=\"sc-imWYAI hXteRa\">Livraison s\u00e9curis\u00e9e<\/span><\/span><\/strong><br \/><strong>\u2714 <span class=\"sc-jXbUNg hlefgy AT-ate-chip--compact ate-chip--marker ate-chip--strong  ate-chip ate-chip--compact ate-chip--marker ate-chip--strong\" data-segment=\"gid_4\" data-type=\"g\"><span class=\"sc-imWYAI hXteRa\">Pas de frais de douane en Suisse<\/span><\/span><\/strong><\/p><p>Notre objectif est simple : <strong><span class=\"sc-jXbUNg hlefgy AT-ate-chip--compact ate-chip--marker ate-chip--strong  ate-chip ate-chip--compact ate-chip--marker ate-chip--strong\" data-segment=\"gid_0\" data-type=\"g\"><span class=\"sc-imWYAI hXteRa\">vous donner une totale tranquillit\u00e9 d&rsquo;esprit lors de l&rsquo;achat de votre prochaine paire.<\/span><\/span><\/strong><\/p><hr data-start=\"1656\" data-end=\"1659\" \/><h1 data-section-id=\"446qth\" data-start=\"1661\" data-end=\"1685\"><span style=\"font-size: 24px;\">Garantie d&rsquo;authenticit\u00e9<\/span><\/h1><p>Chaque sneaker vendu sur Newsole passe par un <strong><span class=\"sc-jXbUNg hlefgy AT-ate-chip--compact ate-chip--marker ate-chip--strong  ate-chip ate-chip--compact ate-chip--marker ate-chip--strong\" data-segment=\"gid_0\" data-type=\"g\"><span class=\"sc-imWYAI hXteRa\">processus de v\u00e9rification minutieux<\/span><\/span><\/strong> avant d&rsquo;arriver chez nos clients.<\/p><p>Nous ne travaillons qu&rsquo;avec des sources fiables et veillons \u00e0 ce que chaque paire soit :<\/p><p><strong>&#8211; <span class=\"sc-jXbUNg hlefgy AT-ate-chip--compact ate-chip--marker ate-chip--strong  ate-chip ate-chip--compact ate-chip--marker ate-chip--strong\" data-segment=\"gid_0\" data-type=\"g\"><span class=\"sc-imWYAI hXteRa\">Authentique<\/span><\/span><\/strong><br \/><strong>&#8211; <span class=\"sc-jXbUNg hlefgy AT-ate-chip--compact ate-chip--marker ate-chip--strong  ate-chip ate-chip--compact ate-chip--marker ate-chip--strong\" data-segment=\"gid_1\" data-type=\"g\"><span class=\"sc-imWYAI hXteRa\">Neuf<\/span><\/span><\/strong><br \/><strong>&#8211; <span class=\"sc-jXbUNg hlefgy AT-ate-chip--compact ate-chip--marker ate-chip--strong ate-chip ate-chip--compact marker-hovering\" data-segment=\"gid_2\" data-type=\"g\"><span class=\"sc-imWYAI hXteRa\">Non port\u00e9 et dans son \u00e9tat d&rsquo;origine<\/span><\/span><\/strong><\/p><p>Pas de contrefa\u00e7on. Pas de surprises.<br \/>Juste les baskets que vous voulez, exactement comme pr\u00e9vu.<\/p><hr data-start=\"2016\" data-end=\"2019\" \/><h1 data-section-id=\"9jhftf\" data-start=\"2021\" data-end=\"2047\"><span style=\"font-size: 24px;\">Approuv\u00e9 par notre communaut\u00e9<\/span><\/h1><p>Depuis notre lancement, <strong><span class=\"sc-jXbUNg hlefgy AT-ate-chip--compact ate-chip--marker ate-chip--strong  ate-chip ate-chip--compact ate-chip--marker ate-chip--strong\" data-segment=\"gid_0\" data-type=\"g\"><span class=\"sc-imWYAI hXteRa\">plus de 1000 clients<\/span><\/span><\/strong> ont fait confiance \u00e0 Newsole pour trouver leur prochaine paire de baskets.<\/p><p>Notre communaut\u00e9 s&rsquo;agrandit chaque jour et la satisfaction de nos clients reste notre priorit\u00e9 absolue.<\/p><p>Si jamais vous avez des questions sur un mod\u00e8le, une taille ou une commande, notre \u00e9quipe est toujours disponible par <strong><span class=\"sc-jXbUNg hlefgy AT-ate-chip--compact ate-chip--marker ate-chip--strong ate-chip ate-chip--compact\" data-segment=\"gid_0\" data-type=\"g\"><span class=\"sc-imWYAI hXteRa\">email ou sur Instagram.<\/span><\/span><\/strong><\/p><hr data-start=\"2370\" data-end=\"2373\" \/><h1 data-section-id=\"719ztz\" data-start=\"2375\" data-end=\"2403\"><span style=\"font-size: 24px;\">Rejoignez la communaut\u00e9 Newsole<\/span><\/h1><p>Suivez-nous sur <strong><span class=\"sc-jXbUNg hlefgy AT-ate-chip--compact ate-chip--marker ate-chip--strong ate-chip ate-chip--compact\" data-segment=\"gid_0\" data-type=\"g\"><span class=\"sc-imWYAI hXteRa\">Instagram et TikTok<\/span><\/span><\/strong> pour :<\/p><p>\ud83d\udc5f D\u00e9couvrez les derni\u00e8res tendances en mati\u00e8re de baskets<br \/>\ud83d\udd25 D\u00e9couvrez nos nouveaux arrivages<br \/>\ud83c\udf81 Participez \u00e0 des <strong><span class=\"sc-jXbUNg hlefgy AT-ate-chip--compact ate-chip--marker ate-chip--strong  ate-chip ate-chip--compact ate-chip--marker ate-chip--strong\" data-segment=\"gid_0\" data-type=\"g\"><span class=\"sc-imWYAI hXteRa\">concours exclusifs<\/span><\/span><\/strong><\/p><p>Bienvenue chez <strong><span class=\"sc-jXbUNg hlefgy AT-ate-chip--compact ate-chip--marker ate-chip--strong ate-chip ate-chip--compact\" data-segment=\"gid_0\" data-type=\"g\"><span class=\"sc-imWYAI hXteRa\">Newsole.<\/span><\/span><\/strong><\/p>\t\t\t\t\t\t\t\t<\/div>\n\t\t\t\t<\/div>\n\t\t\t\t\t<\/div>\n\t\t<\/div>\n\t\t\t\t\t<\/div>\n\t\t<\/section>\n\t\t\t\t<section class=\"elementor-section elementor-top-section elementor-element elementor-element-52a939e elementor-section-boxed elementor-section-height-default elementor-section-height-default jltma-glass-effect-no\" data-id=\"52a939e\" data-element_type=\"section\" data-e-type=\"section\">\n\t\t\t\t\t\t<div class=\"elementor-container elementor-column-gap-default\">\n\t\t\t\t\t<div class=\"elementor-column elementor-col-100 elementor-top-column elementor-element elementor-element-3c1aed4 jltma-glass-effect-no\" data-id=\"3c1aed4\" data-element_type=\"column\" data-e-type=\"column\">\n\t\t\t<div class=\"elementor-widget-wrap elementor-element-populated\">\n\t\t\t\t\t\t<div class=\"elementor-element elementor-element-fc2d030 jltma-glass-effect-no elementor-widget elementor-widget-spacer\" data-id=\"fc2d030\" data-element_type=\"widget\" data-e-type=\"widget\" data-widget_type=\"spacer.default\">\n\t\t\t\t<div class=\"elementor-widget-container\">\n\t\t\t\t\t\t\t<div class=\"elementor-spacer\">\n\t\t\t<div class=\"elementor-spacer-inner\"><\/div>\n\t\t<\/div>\n\t\t\t\t\t\t<\/div>\n\t\t\t\t<\/div>\n\t\t\t\t\t<\/div>\n\t\t<\/div>\n\t\t\t\t\t<\/div>\n\t\t<\/section>\n\t\t\t\t<section class=\"elementor-section elementor-top-section elementor-element elementor-element-12c7575 elementor-section-boxed elementor-section-height-default elementor-section-height-default jltma-glass-effect-no\" data-id=\"12c7575\" data-element_type=\"section\" data-e-type=\"section\">\n\t\t\t\t\t\t<div class=\"elementor-container elementor-column-gap-default\">\n\t\t\t\t\t<div class=\"elementor-column elementor-col-100 elementor-top-column elementor-element elementor-element-2ece4c7 jltma-glass-effect-no\" data-id=\"2ece4c7\" data-element_type=\"column\" data-e-type=\"column\">\n\t\t\t<div class=\"elementor-widget-wrap\">\n\t\t\t\t\t\t\t<\/div>\n\t\t<\/div>\n\t\t\t\t\t<\/div>\n\t\t<\/section>\n\t\t\t\t<\/div>\n\t\t","protected":false},"excerpt":{"rendered":"<p>A propos de nous Newsole a \u00e9t\u00e9 cr\u00e9\u00e9e avec une mission simple : rendre les baskets les plus recherch\u00e9es accessibles en Suisse facilement, en toute s\u00e9curit\u00e9 et sans complications. Notre histoire a commenc\u00e9 en 2018 avec une v\u00e9ritable passion pour les sneakers et la culture qui les entoure. Comme beaucoup de passionn\u00e9s de sneakers, nous [&hellip;]<\/p>\n","protected":false},"author":1,"featured_media":0,"parent":0,"menu_order":0,"comment_status":"closed","ping_status":"closed","template":"","meta":{"ocean_post_layout":"","ocean_both_sidebars_style":"","ocean_both_sidebars_content_width":0,"ocean_both_sidebars_sidebars_width":0,"ocean_sidebar":"","ocean_second_sidebar":"","ocean_disable_margins":"enable","ocean_add_body_class":"","ocean_shortcode_before_top_bar":"","ocean_shortcode_after_top_bar":"","ocean_shortcode_before_header":"","ocean_shortcode_after_header":"","ocean_has_shortcode":"","ocean_shortcode_after_title":"","ocean_shortcode_before_footer_widgets":"","ocean_shortcode_after_footer_widgets":"","ocean_shortcode_before_footer_bottom":"","ocean_shortcode_after_footer_bottom":"","ocean_display_top_bar":"default","ocean_display_header":"default","ocean_header_style":"","ocean_center_header_left_menu":"","ocean_custom_header_template":"","ocean_custom_logo":0,"ocean_custom_retina_logo":0,"ocean_custom_logo_max_width":0,"ocean_custom_logo_tablet_max_width":0,"ocean_custom_logo_mobile_max_width":0,"ocean_custom_logo_max_height":0,"ocean_custom_logo_tablet_max_height":0,"ocean_custom_logo_mobile_max_height":0,"ocean_header_custom_menu":"","ocean_menu_typo_font_family":"","ocean_menu_typo_font_subset":"","ocean_menu_typo_font_size":0,"ocean_menu_typo_font_size_tablet":0,"ocean_menu_typo_font_size_mobile":0,"ocean_menu_typo_font_size_unit":"px","ocean_menu_typo_font_weight":"","ocean_menu_typo_font_weight_tablet":"","ocean_menu_typo_font_weight_mobile":"","ocean_menu_typo_transform":"","ocean_menu_typo_transform_tablet":"","ocean_menu_typo_transform_mobile":"","ocean_menu_typo_line_height":0,"ocean_menu_typo_line_height_tablet":0,"ocean_menu_typo_line_height_mobile":0,"ocean_menu_typo_line_height_unit":"","ocean_menu_typo_spacing":0,"ocean_menu_typo_spacing_tablet":0,"ocean_menu_typo_spacing_mobile":0,"ocean_menu_typo_spacing_unit":"","ocean_menu_link_color":"","ocean_menu_link_color_hover":"","ocean_menu_link_color_active":"","ocean_menu_link_background":"","ocean_menu_link_hover_background":"","ocean_menu_link_active_background":"","ocean_menu_social_links_bg":"","ocean_menu_social_hover_links_bg":"","ocean_menu_social_links_color":"","ocean_menu_social_hover_links_color":"","ocean_disable_title":"default","ocean_disable_heading":"default","ocean_post_title":"","ocean_post_subheading":"","ocean_post_title_style":"","ocean_post_title_background_color":"","ocean_post_title_background":0,"ocean_post_title_bg_image_position":"","ocean_post_title_bg_image_attachment":"","ocean_post_title_bg_image_repeat":"","ocean_post_title_bg_image_size":"","ocean_post_title_height":0,"ocean_post_title_bg_overlay":0.5,"ocean_post_title_bg_overlay_color":"","ocean_disable_breadcrumbs":"default","ocean_breadcrumbs_color":"","ocean_breadcrumbs_separator_color":"","ocean_breadcrumbs_links_color":"","ocean_breadcrumbs_links_hover_color":"","ocean_display_footer_widgets":"default","ocean_display_footer_bottom":"default","ocean_custom_footer_template":"","footnotes":""},"class_list":["post-487795","page","type-page","status-publish","hentry","entry","owp-thumbs-layout-horizontal","owp-btn-normal","owp-tabs-layout-horizontal","has-no-thumbnails","has-product-nav"],"_links":{"self":[{"href":"https:\/\/newsole.ch\/fr\/wp-json\/wp\/v2\/pages\/487795","targetHints":{"allow":["GET"]}}],"collection":[{"href":"https:\/\/newsole.ch\/fr\/wp-json\/wp\/v2\/pages"}],"about":[{"href":"https:\/\/newsole.ch\/fr\/wp-json\/wp\/v2\/types\/page"}],"author":[{"embeddable":true,"href":"https:\/\/newsole.ch\/fr\/wp-json\/wp\/v2\/users\/1"}],"replies":[{"embeddable":true,"href":"https:\/\/newsole.ch\/fr\/wp-json\/wp\/v2\/comments?post=487795"}],"version-history":[{"count":0,"href":"https:\/\/newsole.ch\/fr\/wp-json\/wp\/v2\/pages\/487795\/revisions"}],"wp:attachment":[{"href":"https:\/\/newsole.ch\/fr\/wp-json\/wp\/v2\/media?parent=487795"}],"curies":[{"name":"wp","href":"https:\/\/api.w.org\/{rel}","templated":true}]}}