{"id":487823,"date":"2023-04-07T18:31:37","date_gmt":"2023-04-07T16:31:37","guid":{"rendered":"https:\/\/newsole.ch\/politique-de-confidentialite\/"},"modified":"2026-03-10T14:12:33","modified_gmt":"2026-03-10T13:12:33","slug":"politique-de-confidentialite","status":"publish","type":"page","link":"https:\/\/newsole.ch\/fr\/politique-de-confidentialite\/","title":{"rendered":"Politique de confidentialit\u00e9"},"content":{"rendered":"\t\t<div data-elementor-type=\"wp-page\" data-elementor-id=\"487823\" class=\"elementor elementor-487823 elementor-6594\">\n\t\t\t\t\t\t<section class=\"elementor-section elementor-top-section elementor-element elementor-element-6dfd36f elementor-section-boxed elementor-section-height-default elementor-section-height-default jltma-glass-effect-no\" data-id=\"6dfd36f\" data-element_type=\"section\" data-e-type=\"section\">\n\t\t\t\t\t\t<div class=\"elementor-container elementor-column-gap-default\">\n\t\t\t\t\t<div class=\"elementor-column elementor-col-100 elementor-top-column elementor-element elementor-element-7b00ca99 jltma-glass-effect-no\" data-id=\"7b00ca99\" data-element_type=\"column\" data-e-type=\"column\">\n\t\t\t<div class=\"elementor-widget-wrap elementor-element-populated\">\n\t\t\t\t\t\t<div class=\"elementor-element elementor-element-31e488c3 jltma-glass-effect-no elementor-widget elementor-widget-text-editor\" data-id=\"31e488c3\" data-element_type=\"widget\" data-e-type=\"widget\" data-widget_type=\"text-editor.default\">\n\t\t\t\t<div class=\"elementor-widget-container\">\n\t\t\t\t\t\t\t\t\t<h2>Politique de confidentialit\u00e9<\/h2>\n<p><span lang=\"en\">Mise \u00e0 jour le 15 janvier 2026<\/span><\/p>\n<h2 data-start=\"612\" data-end=\"628\">1. Contr\u00f4leur<\/h2>\n<p data-start=\"629\" data-end=\"679\">Le site web <strong data-start=\"641\" data-end=\"663\"><a class=\"decorated-link\" href=\"https:\/\/newsole.ch\/fr\/\" target=\"_new\" rel=\"noopener\" data-start=\"643\" data-end=\"661\">https:\/\/newsole.ch<\/a><\/strong> est exploit\u00e9 par :<\/p>\n<p data-start=\"681\" data-end=\"765\"><strong data-start=\"681\" data-end=\"692\">Jordan Nerny<\/strong><br data-start=\"692\" data-end=\"695\">UID : <strong data-start=\"700\" data-end=\"719\">CHE-214.576.767<\/strong><br data-start=\"719\" data-end=\"722\">Suisse<br data-start=\"733\" data-end=\"736\">Email : <strong data-start=\"743\" data-end=\"765\"><a class=\"decorated-link cursor-pointer\" rel=\"noopener\" data-start=\"745\" data-end=\"763\">contact@newsole.ch<\/a><\/strong><\/p>\n<p data-start=\"767\" data-end=\"867\">Jordan Nerny est le responsable du traitement des donn\u00e9es \u00e0 caract\u00e8re personnel en vertu de la pr\u00e9sente politique de confidentialit\u00e9.<\/p>\n<hr data-start=\"869\" data-end=\"872\">\n<h2 data-start=\"874\" data-end=\"885\">2. Champ d&rsquo;application<\/h2>\n<p data-start=\"886\" data-end=\"1061\">Cette politique de confidentialit\u00e9 s&rsquo;applique \u00e0 tous les visiteurs et clients du site web Newsole et r\u00e9git la collecte et le traitement des donn\u00e9es personnelles dans le cadre de notre boutique en ligne.<\/p>\n<p data-start=\"1063\" data-end=\"1191\">En utilisant notre site web ou en passant une commande, vous acceptez le traitement de vos donn\u00e9es personnelles tel que d\u00e9crit dans la pr\u00e9sente politique de confidentialit\u00e9.<\/p>\n<hr data-start=\"1193\" data-end=\"1196\">\n<h2 data-start=\"1198\" data-end=\"1228\">3. Donn\u00e9es personnelles que nous collectons<\/h2>\n<p data-start=\"1229\" data-end=\"1329\">Nous ne recueillons que les donn\u00e9es personnelles n\u00e9cessaires au fonctionnement de notre boutique en ligne et \u00e0 l&rsquo;ex\u00e9cution des commandes :<\/p>\n<ul data-start=\"1331\" data-end=\"1553\">\n<li data-start=\"1331\" data-end=\"1354\">\n<p data-start=\"1333\" data-end=\"1354\">Nom et pr\u00e9nom<\/p>\n<\/li>\n<li data-start=\"1355\" data-end=\"1372\">\n<p data-start=\"1357\" data-end=\"1372\">Adresse \u00e9lectronique<\/p>\n<\/li>\n<li data-start=\"1373\" data-end=\"1389\">\n<p data-start=\"1375\" data-end=\"1389\">Num\u00e9ro de t\u00e9l\u00e9phone<\/p>\n<\/li>\n<li data-start=\"1390\" data-end=\"1422\">\n<p data-start=\"1392\" data-end=\"1422\">Adresse de facturation et de livraison<\/p>\n<\/li>\n<li data-start=\"1423\" data-end=\"1499\">\n<p data-start=\"1425\" data-end=\"1499\">Informations relatives au paiement (trait\u00e9es exclusivement par les prestataires de services de paiement)<\/p>\n<\/li>\n<li data-start=\"1500\" data-end=\"1553\">\n<p data-start=\"1502\" data-end=\"1553\">Adresse IP et donn\u00e9es techniques d&rsquo;utilisation (cookies, journaux)<\/p>\n<\/li>\n<\/ul>\n<p data-start=\"1555\" data-end=\"1626\">Nous <strong data-start=\"1561\" data-end=\"1568\">ne<\/strong> collectons <strong data-start=\"1561\" data-end=\"1568\">pas<\/strong> sciemment de donn\u00e9es aupr\u00e8s d&rsquo;enfants de moins de 13 ans.<\/p>\n<hr data-start=\"1628\" data-end=\"1631\">\n<h2 data-start=\"1633\" data-end=\"1665\">4. Finalit\u00e9 du traitement des donn\u00e9es<\/h2>\n<p data-start=\"1666\" data-end=\"1725\">Vos donn\u00e9es personnelles sont trait\u00e9es aux fins suivantes :<\/p>\n<ul data-start=\"1727\" data-end=\"2004\">\n<li data-start=\"1727\" data-end=\"1763\">\n<p data-start=\"1729\" data-end=\"1763\">Traitement et livraison des commandes<\/p>\n<\/li>\n<li data-start=\"1764\" data-end=\"1806\">\n<p data-start=\"1766\" data-end=\"1806\">Traitement des paiements et pr\u00e9vention de la fraude<\/p>\n<\/li>\n<li data-start=\"1807\" data-end=\"1845\">\n<p data-start=\"1809\" data-end=\"1845\">Service \u00e0 la client\u00e8le et communication<\/p>\n<\/li>\n<li data-start=\"1846\" data-end=\"1884\">\n<p data-start=\"1848\" data-end=\"1884\">Gestion des retours et des cr\u00e9dits de magasin<\/p>\n<\/li>\n<li data-start=\"1885\" data-end=\"1933\">\n<p data-start=\"1887\" data-end=\"1933\">Am\u00e9liorer la fonctionnalit\u00e9 et la s\u00e9curit\u00e9 du site web<\/p>\n<\/li>\n<li data-start=\"1934\" data-end=\"2004\">\n<p data-start=\"1936\" data-end=\"2004\">Envoi de courriels transactionnels (confirmations de commande, mises \u00e0 jour de livraison)<\/p>\n<\/li>\n<\/ul>\n<p>Si vous passez une commande aupr\u00e8s de Newsole, nous pouvons utiliser votre adresse e-mail pour vous envoyer des communications marketing sur des produits ou des offres similaires. Vous pouvez vous opposer \u00e0 la r\u00e9ception de ces communications \u00e0 tout moment en cliquant sur le lien de d\u00e9sinscription inclus dans chaque e-mail ou en nous contactant \u00e0 l&rsquo;adresse contact@newsole.ch. <\/p>\n<hr data-start=\"2111\" data-end=\"2114\">\n<h2 data-start=\"2116\" data-end=\"2139\">5. Prestataires de services de paiement<\/h2>\n<p data-start=\"2140\" data-end=\"2303\">Les paiements sont trait\u00e9s de mani\u00e8re s\u00e9curis\u00e9e par des fournisseurs de paiement tiers (par exemple PayPal, Stripe).<br data-start=\"2227\" data-end=\"2230\">Newsole <strong data-start=\"2243\" data-end=\"2287\">ne stocke pas les d\u00e9tails de la carte de cr\u00e9dit ou du paiement<\/strong> sur ses serveurs.<\/p>\n<p data-start=\"2305\" data-end=\"2378\">Les prestataires de services de paiement traitent les donn\u00e9es personnelles conform\u00e9ment \u00e0 leur propre politique de confidentialit\u00e9.<\/p>\n<hr data-start=\"2380\" data-end=\"2383\">\n<h2 data-start=\"2385\" data-end=\"2412\">6. Cookies et analyses<\/h2>\n<p data-start=\"2413\" data-end=\"2532\">Nous utilisons des cookies et des technologies similaires pour assurer le bon fonctionnement de notre site web et am\u00e9liorer l&rsquo;exp\u00e9rience des utilisateurs.<\/p>\n<p data-start=\"2534\" data-end=\"2558\">Les cookies peuvent \u00eatre utilis\u00e9s pour :<\/p>\n<ul data-start=\"2559\" data-end=\"2611\">\n<li data-start=\"2559\" data-end=\"2582\">\n<p data-start=\"2561\" data-end=\"2582\">Fonctionnalit\u00e9 du site web<\/p>\n<\/li>\n<li data-start=\"2583\" data-end=\"2593\">\n<p data-start=\"2585\" data-end=\"2593\">S\u00e9curit\u00e9<\/p>\n<\/li>\n<li data-start=\"2594\" data-end=\"2611\">\n<p data-start=\"2596\" data-end=\"2611\">Analyse de base<\/p>\n<\/li>\n<\/ul>\n<p data-start=\"2613\" data-end=\"2703\">Vous pouvez d\u00e9sactiver les cookies dans les param\u00e8tres de votre navigateur. Cela peut limiter certaines fonctionnalit\u00e9s du site web. <\/p>\n<hr data-start=\"2705\" data-end=\"2708\">\n<h2 data-start=\"2710\" data-end=\"2728\">7. Partage des donn\u00e9es<\/h2>\n<p data-start=\"2729\" data-end=\"2770\">Nous <strong data-start=\"2735\" data-end=\"2755\">ne vendons ni ne louons les<\/strong> donn\u00e9es personnelles.<\/p>\n<p data-start=\"2772\" data-end=\"2856\">Les donn\u00e9es personnelles ne peuvent \u00eatre partag\u00e9es qu&rsquo;avec des tiers de confiance lorsque cela est n\u00e9cessaire, par exemple :<\/p>\n<ul data-start=\"2857\" data-end=\"2967\">\n<li data-start=\"2857\" data-end=\"2876\">\n<p data-start=\"2859\" data-end=\"2876\">Fournisseurs d&rsquo;h\u00e9bergement<\/p>\n<\/li>\n<li data-start=\"2877\" data-end=\"2897\">\n<p data-start=\"2879\" data-end=\"2897\">Processeurs de paiement<\/p>\n<\/li>\n<li data-start=\"2898\" data-end=\"2931\">\n<p data-start=\"2900\" data-end=\"2931\">Partenaires d&rsquo;exp\u00e9dition et de logistique<\/p>\n<\/li>\n<li data-start=\"2932\" data-end=\"2967\">\n<p data-start=\"2934\" data-end=\"2967\">Fournisseurs de services informatiques et de s\u00e9curit\u00e9<\/p>\n<\/li>\n<\/ul>\n<p data-start=\"2969\" data-end=\"3081\">Tous les tiers sont contractuellement tenus de traiter les donn\u00e9es conform\u00e9ment aux lois applicables en mati\u00e8re de protection des donn\u00e9es.<\/p>\n<hr data-start=\"3083\" data-end=\"3086\">\n<h2 data-start=\"3088\" data-end=\"3122\">8. Transferts internationaux de donn\u00e9es<\/h2>\n<p data-start=\"3123\" data-end=\"3231\">Les donn\u00e9es personnelles peuvent \u00eatre trait\u00e9es en Suisse ou dans d&rsquo;autres pays o\u00f9 se trouvent nos prestataires de services.<\/p>\n<p data-start=\"3233\" data-end=\"3331\">Le cas \u00e9ch\u00e9ant, des garanties appropri\u00e9es sont appliqu\u00e9es pour assurer un niveau ad\u00e9quat de protection des donn\u00e9es.<\/p>\n<hr data-start=\"3333\" data-end=\"3336\">\n<h2 data-start=\"3338\" data-end=\"3358\">9. Conservation des donn\u00e9es<\/h2>\n<p data-start=\"3359\" data-end=\"3416\">Nous ne conservons les donn\u00e9es \u00e0 caract\u00e8re personnel que le temps n\u00e9cessaire pour :<\/p>\n<ul data-start=\"3417\" data-end=\"3524\">\n<li data-start=\"3417\" data-end=\"3459\">\n<p data-start=\"3419\" data-end=\"3459\">remplir les obligations contractuelles et l\u00e9gales<\/p>\n<\/li>\n<li data-start=\"3460\" data-end=\"3505\">\n<p data-start=\"3462\" data-end=\"3505\">se conformer aux exigences comptables et fiscales<\/p>\n<\/li>\n<li data-start=\"3506\" data-end=\"3524\">\n<p data-start=\"3508\" data-end=\"3524\">r\u00e9soudre les litiges<\/p>\n<\/li>\n<\/ul>\n<p data-start=\"3526\" data-end=\"3581\">Lorsqu&rsquo;elles ne sont plus n\u00e9cessaires, les donn\u00e9es sont supprim\u00e9es ou rendues anonymes.<\/p>\n<hr data-start=\"3583\" data-end=\"3586\">\n<h2 data-start=\"3588\" data-end=\"3608\">10. S\u00e9curit\u00e9 des donn\u00e9es<\/h2>\n<p data-start=\"3609\" data-end=\"3741\">Nous mettons en \u0153uvre des mesures techniques et organisationnelles appropri\u00e9es pour prot\u00e9ger les donn\u00e9es \u00e0 caract\u00e8re personnel contre l&rsquo;acc\u00e8s non autoris\u00e9, la perte ou l&rsquo;utilisation abusive.<\/p>\n<p data-start=\"3743\" data-end=\"3794\">Cependant, aucun syst\u00e8me ne peut garantir une s\u00e9curit\u00e9 absolue.<\/p>\n<hr data-start=\"3796\" data-end=\"3799\">\n<h2 data-start=\"3801\" data-end=\"3819\">11. Vos droits<\/h2>\n<p data-start=\"3820\" data-end=\"3881\">En vertu des lois applicables en mati\u00e8re de protection des donn\u00e9es, vous avez le droit de.. :<\/p>\n<ul data-start=\"3883\" data-end=\"4123\">\n<li data-start=\"3883\" data-end=\"3912\">\n<p data-start=\"3885\" data-end=\"3912\">Acc\u00e9der \u00e0 vos donn\u00e9es personnelles<\/p>\n<\/li>\n<li data-start=\"3913\" data-end=\"3954\">\n<p data-start=\"3915\" data-end=\"3954\">Demander la correction de donn\u00e9es inexactes<\/p>\n<\/li>\n<li data-start=\"3955\" data-end=\"4016\">\n<p data-start=\"3957\" data-end=\"4016\">Demander la suppression de vos donn\u00e9es (lorsque la loi le permet)<\/p>\n<\/li>\n<li data-start=\"4017\" data-end=\"4061\">\n<p data-start=\"4019\" data-end=\"4061\">S&rsquo;opposer \u00e0 certains traitements ou les restreindre<\/p>\n<\/li>\n<li data-start=\"4062\" data-end=\"4123\">\n<p data-start=\"4064\" data-end=\"4123\">Retirer \u00e0 tout moment son consentement \u00e0 recevoir des communications marketing<\/p>\n<\/li>\n<\/ul>\n<p data-start=\"4125\" data-end=\"4172\">Les demandes peuvent \u00eatre envoy\u00e9es \u00e0 <strong data-start=\"4150\" data-end=\"4172\"><a class=\"decorated-link cursor-pointer\" rel=\"noopener\" data-start=\"4152\" data-end=\"4170\">contact@newsole.ch<\/a><\/strong><\/p>\n<hr data-start=\"4174\" data-end=\"4177\">\n<h2 data-start=\"4179\" data-end=\"4203\">12. Liens avec des tiers<\/h2>\n<p data-start=\"4204\" data-end=\"4323\">Notre site web peut contenir des liens vers des sites web de tiers.<br data-start=\"4258\" data-end=\"4261\">Nous ne sommes pas responsables de leur contenu ou de leurs pratiques en mati\u00e8re de protection de la vie priv\u00e9e.<\/p>\n<hr data-start=\"4325\" data-end=\"4328\">\n<h2 data-start=\"4330\" data-end=\"4367\">13. Modifications de la pr\u00e9sente politique de protection de la vie priv\u00e9e<\/h2>\n<p data-start=\"4368\" data-end=\"4481\">Nous pouvons mettre \u00e0 jour cette politique de confidentialit\u00e9 \u00e0 tout moment.<br data-start=\"4414\" data-end=\"4417\">La version publi\u00e9e sur notre site web au moment de l&rsquo;utilisation s&rsquo;applique.<\/p>\n<hr data-start=\"4483\" data-end=\"4486\">\n<h2 data-start=\"4488\" data-end=\"4508\">14. Droit applicable<\/h2>\n<p data-start=\"4509\" data-end=\"4558\">La pr\u00e9sente politique de confidentialit\u00e9 est r\u00e9gie par le <strong data-start=\"4544\" data-end=\"4557\">droit suisse.<\/strong><\/p>\n<p><\/p>\t\t\t\t\t\t\t\t<\/div>\n\t\t\t\t<\/div>\n\t\t\t\t\t<\/div>\n\t\t<\/div>\n\t\t\t\t\t<\/div>\n\t\t<\/section>\n\t\t\t\t<\/div>\n\t\t","protected":false},"excerpt":{"rendered":"<p>Politique de confidentialit\u00e9 Mise \u00e0 jour le 15 janvier 2026 1. Contr\u00f4leur Le site web https:\/\/newsole.ch est exploit\u00e9 par : Jordan NernyUID : CHE-214.576.767SuisseEmail : contact@newsole.ch Jordan Nerny est le responsable du traitement des donn\u00e9es \u00e0 caract\u00e8re personnel en vertu de la pr\u00e9sente politique de confidentialit\u00e9. 2. Champ d&rsquo;application Cette politique de confidentialit\u00e9 s&rsquo;applique \u00e0 [&hellip;]<\/p>\n","protected":false},"author":1,"featured_media":0,"parent":0,"menu_order":0,"comment_status":"closed","ping_status":"closed","template":"","meta":{"ocean_post_layout":"","ocean_both_sidebars_style":"","ocean_both_sidebars_content_width":0,"ocean_both_sidebars_sidebars_width":0,"ocean_sidebar":"0","ocean_second_sidebar":"0","ocean_disable_margins":"enable","ocean_add_body_class":"","ocean_shortcode_before_top_bar":"","ocean_shortcode_after_top_bar":"","ocean_shortcode_before_header":"","ocean_shortcode_after_header":"","ocean_has_shortcode":"","ocean_shortcode_after_title":"","ocean_shortcode_before_footer_widgets":"","ocean_shortcode_after_footer_widgets":"","ocean_shortcode_before_footer_bottom":"","ocean_shortcode_after_footer_bottom":"","ocean_display_top_bar":"default","ocean_display_header":"default","ocean_header_style":"","ocean_center_header_left_menu":"0","ocean_custom_header_template":"0","ocean_custom_logo":0,"ocean_custom_retina_logo":0,"ocean_custom_logo_max_width":0,"ocean_custom_logo_tablet_max_width":0,"ocean_custom_logo_mobile_max_width":0,"ocean_custom_logo_max_height":0,"ocean_custom_logo_tablet_max_height":0,"ocean_custom_logo_mobile_max_height":0,"ocean_header_custom_menu":"0","ocean_menu_typo_font_family":"0","ocean_menu_typo_font_subset":"","ocean_menu_typo_font_size":0,"ocean_menu_typo_font_size_tablet":0,"ocean_menu_typo_font_size_mobile":0,"ocean_menu_typo_font_size_unit":"px","ocean_menu_typo_font_weight":"","ocean_menu_typo_font_weight_tablet":"","ocean_menu_typo_font_weight_mobile":"","ocean_menu_typo_transform":"","ocean_menu_typo_transform_tablet":"","ocean_menu_typo_transform_mobile":"","ocean_menu_typo_line_height":0,"ocean_menu_typo_line_height_tablet":0,"ocean_menu_typo_line_height_mobile":0,"ocean_menu_typo_line_height_unit":"","ocean_menu_typo_spacing":0,"ocean_menu_typo_spacing_tablet":0,"ocean_menu_typo_spacing_mobile":0,"ocean_menu_typo_spacing_unit":"","ocean_menu_link_color":"","ocean_menu_link_color_hover":"","ocean_menu_link_color_active":"","ocean_menu_link_background":"","ocean_menu_link_hover_background":"","ocean_menu_link_active_background":"","ocean_menu_social_links_bg":"","ocean_menu_social_hover_links_bg":"","ocean_menu_social_links_color":"","ocean_menu_social_hover_links_color":"","ocean_disable_title":"default","ocean_disable_heading":"default","ocean_post_title":"","ocean_post_subheading":"","ocean_post_title_style":"","ocean_post_title_background_color":"","ocean_post_title_background":0,"ocean_post_title_bg_image_position":"","ocean_post_title_bg_image_attachment":"","ocean_post_title_bg_image_repeat":"","ocean_post_title_bg_image_size":"","ocean_post_title_height":0,"ocean_post_title_bg_overlay":0.5,"ocean_post_title_bg_overlay_color":"","ocean_disable_breadcrumbs":"default","ocean_breadcrumbs_color":"","ocean_breadcrumbs_separator_color":"","ocean_breadcrumbs_links_color":"","ocean_breadcrumbs_links_hover_color":"","ocean_display_footer_widgets":"default","ocean_display_footer_bottom":"default","ocean_custom_footer_template":"0","footnotes":""},"class_list":["post-487823","page","type-page","status-publish","hentry","entry","owp-thumbs-layout-horizontal","owp-btn-normal","owp-tabs-layout-horizontal","has-no-thumbnails","has-product-nav"],"_links":{"self":[{"href":"https:\/\/newsole.ch\/fr\/wp-json\/wp\/v2\/pages\/487823","targetHints":{"allow":["GET"]}}],"collection":[{"href":"https:\/\/newsole.ch\/fr\/wp-json\/wp\/v2\/pages"}],"about":[{"href":"https:\/\/newsole.ch\/fr\/wp-json\/wp\/v2\/types\/page"}],"author":[{"embeddable":true,"href":"https:\/\/newsole.ch\/fr\/wp-json\/wp\/v2\/users\/1"}],"replies":[{"embeddable":true,"href":"https:\/\/newsole.ch\/fr\/wp-json\/wp\/v2\/comments?post=487823"}],"version-history":[{"count":0,"href":"https:\/\/newsole.ch\/fr\/wp-json\/wp\/v2\/pages\/487823\/revisions"}],"wp:attachment":[{"href":"https:\/\/newsole.ch\/fr\/wp-json\/wp\/v2\/media?parent=487823"}],"curies":[{"name":"wp","href":"https:\/\/api.w.org\/{rel}","templated":true}]}}